{"id":8789,"date":"2025-03-26T15:35:51","date_gmt":"2025-03-26T15:35:51","guid":{"rendered":"https:\/\/marianist.org\/?page_id=8789"},"modified":"2025-04-03T08:32:24","modified_gmt":"2025-04-03T08:32:24","slug":"who-we-are","status":"publish","type":"page","link":"https:\/\/marianist.org\/fr\/elementor-761\/world-council\/who-we-are\/","title":{"rendered":"Qui sommes-nous"},"content":{"rendered":"<div data-elementor-type=\"wp-page\" data-elementor-id=\"8789\" class=\"elementor elementor-8789\" data-elementor-post-type=\"page\">\n\t\t\t\t\t\t<section class=\"elementor-section elementor-top-section elementor-element elementor-element-2c8bbc0 elementor-section-full_width elementor-section-height-default elementor-section-height-default\" data-id=\"2c8bbc0\" data-element_type=\"section\" data-e-type=\"section\" data-settings=\"{&quot;background_background&quot;:&quot;classic&quot;}\">\n\t\t\t\t\t\t<div class=\"elementor-container elementor-column-gap-default\">\n\t\t\t\t\t<div class=\"elementor-column elementor-col-100 elementor-top-column elementor-element elementor-element-e47967d\" data-id=\"e47967d\" data-element_type=\"column\" data-e-type=\"column\" data-settings=\"{&quot;background_background&quot;:&quot;classic&quot;}\">\n\t\t\t<div class=\"elementor-widget-wrap elementor-element-populated\">\n\t\t\t\t\t\t<div class=\"elementor-element elementor-element-ed485a4 elementor-nav-menu--dropdown-none elementor-widget__width-inherit elementor-widget elementor-widget-nav-menu\" data-id=\"ed485a4\" data-element_type=\"widget\" data-e-type=\"widget\" data-settings=\"{&quot;layout&quot;:&quot;horizontal&quot;,&quot;submenu_icon&quot;:{&quot;value&quot;:&quot;&lt;i class=\\&quot;fas fa-caret-down\\&quot; aria-hidden=\\&quot;true\\&quot;&gt;&lt;\\\/i&gt;&quot;,&quot;library&quot;:&quot;fa-solid&quot;}}\" data-widget_type=\"nav-menu.default\">\n\t\t\t\t<div class=\"elementor-widget-container\">\n\t\t\t\t\t\t\t\t<nav aria-label=\"Menu\" class=\"elementor-nav-menu--main elementor-nav-menu__container elementor-nav-menu--layout-horizontal e--pointer-background e--animation-fade\">\n\t\t\t\t<ul id=\"menu-1-ed485a4\" class=\"elementor-nav-menu\"><li class=\"menu-item menu-item-type-post_type menu-item-object-page menu-item-home menu-item-866\"><a href=\"https:\/\/marianist.org\/fr\/\" class=\"elementor-item menu-link\">Home<\/a><\/li>\n<li class=\"menu-item menu-item-type-post_type menu-item-object-page menu-item-964\"><a href=\"https:\/\/marianist.org\/fr\/elementor-761\/society-of-mary-sm\/\" class=\"elementor-item menu-link\">Societ\u00e9 de Marie (SM)<\/a><\/li>\n<li class=\"menu-item menu-item-type-custom menu-item-object-custom menu-item-has-children menu-item-982\"><a role=\"button\" aria-expanded=\"false\" class=\"elementor-item menu-link\">de la Famille Marianiste<\/a>\n<ul class=\"sub-menu elementor-nav-menu--dropdown\">\n\t<li class=\"menu-item menu-item-type-post_type menu-item-object-page menu-item-987\"><a href=\"https:\/\/marianist.org\/fr\/elementor-761\/world-council\/\" class=\"elementor-sub-item menu-link\">Conseil Mondial<\/a><\/li>\n\t<li class=\"menu-item menu-item-type-post_type menu-item-object-page menu-item-867\"><a href=\"https:\/\/marianist.org\/fr\/elementor-761\/alliance-mariale\/\" class=\"elementor-sub-item menu-link\">Alliance Mariale (AM)<\/a><\/li>\n\t<li class=\"menu-item menu-item-type-custom menu-item-object-custom menu-item-977\"><a href=\"https:\/\/www.fmi-adele.org\/en\/\" class=\"elementor-sub-item menu-link\">Filles de Marie Immacul\u00e9e (FMI)<\/a><\/li>\n\t<li class=\"menu-item menu-item-type-custom menu-item-object-custom menu-item-978\"><a href=\"http:\/\/www.clm-mlc.org\/\" class=\"elementor-sub-item menu-link\">Communaut\u00e9s La\u00efques Marianistes (CLM)<\/a><\/li>\n<\/ul>\n<\/li>\n<li class=\"menu-item menu-item-type-post_type menu-item-object-page menu-item-has-children menu-item-8825\"><a role=\"button\" aria-expanded=\"false\" href=\"https:\/\/marianist.org\/fr\/elementor-761\/world-council\/who-we-are\/\" class=\"elementor-item menu-link\">Qui sommes-nous<\/a>\n<ul class=\"sub-menu elementor-nav-menu--dropdown\">\n\t<li class=\"menu-item menu-item-type-post_type menu-item-object-page menu-item-8770\"><a href=\"https:\/\/marianist.org\/fr\/elementor-761\/society-of-mary-sm\/sm-about\/sm-marianist-world-map\/\" class=\"elementor-sub-item menu-link\">SM &#8211; Interactive Marianist World Map<\/a><\/li>\n<\/ul>\n<\/li>\n<\/ul>\t\t\t<\/nav>\n\t\t\t\t\t\t<nav class=\"elementor-nav-menu--dropdown elementor-nav-menu__container\" aria-hidden=\"true\">\n\t\t\t\t<ul id=\"menu-2-ed485a4\" class=\"elementor-nav-menu\"><li class=\"menu-item menu-item-type-post_type menu-item-object-page menu-item-home menu-item-866\"><a href=\"https:\/\/marianist.org\/fr\/\" class=\"elementor-item menu-link\" tabindex=\"-1\">Home<\/a><\/li>\n<li class=\"menu-item menu-item-type-post_type menu-item-object-page menu-item-964\"><a href=\"https:\/\/marianist.org\/fr\/elementor-761\/society-of-mary-sm\/\" class=\"elementor-item menu-link\" tabindex=\"-1\">Societ\u00e9 de Marie (SM)<\/a><\/li>\n<li class=\"menu-item menu-item-type-custom menu-item-object-custom menu-item-has-children menu-item-982\"><a role=\"button\" aria-expanded=\"false\" class=\"elementor-item menu-link\" tabindex=\"-1\">de la Famille Marianiste<\/a>\n<ul class=\"sub-menu elementor-nav-menu--dropdown\">\n\t<li class=\"menu-item menu-item-type-post_type menu-item-object-page menu-item-987\"><a href=\"https:\/\/marianist.org\/fr\/elementor-761\/world-council\/\" class=\"elementor-sub-item menu-link\" tabindex=\"-1\">Conseil Mondial<\/a><\/li>\n\t<li class=\"menu-item menu-item-type-post_type menu-item-object-page menu-item-867\"><a href=\"https:\/\/marianist.org\/fr\/elementor-761\/alliance-mariale\/\" class=\"elementor-sub-item menu-link\" tabindex=\"-1\">Alliance Mariale (AM)<\/a><\/li>\n\t<li class=\"menu-item menu-item-type-custom menu-item-object-custom menu-item-977\"><a href=\"https:\/\/www.fmi-adele.org\/en\/\" class=\"elementor-sub-item menu-link\" tabindex=\"-1\">Filles de Marie Immacul\u00e9e (FMI)<\/a><\/li>\n\t<li class=\"menu-item menu-item-type-custom menu-item-object-custom menu-item-978\"><a href=\"http:\/\/www.clm-mlc.org\/\" class=\"elementor-sub-item menu-link\" tabindex=\"-1\">Communaut\u00e9s La\u00efques Marianistes (CLM)<\/a><\/li>\n<\/ul>\n<\/li>\n<li class=\"menu-item menu-item-type-post_type menu-item-object-page menu-item-has-children menu-item-8825\"><a role=\"button\" aria-expanded=\"false\" href=\"https:\/\/marianist.org\/fr\/elementor-761\/world-council\/who-we-are\/\" class=\"elementor-item menu-link\" tabindex=\"-1\">Qui sommes-nous<\/a>\n<ul class=\"sub-menu elementor-nav-menu--dropdown\">\n\t<li class=\"menu-item menu-item-type-post_type menu-item-object-page menu-item-8770\"><a href=\"https:\/\/marianist.org\/fr\/elementor-761\/society-of-mary-sm\/sm-about\/sm-marianist-world-map\/\" class=\"elementor-sub-item menu-link\" tabindex=\"-1\">SM &#8211; Interactive Marianist World Map<\/a><\/li>\n<\/ul>\n<\/li>\n<\/ul>\t\t\t<\/nav>\n\t\t\t\t\t\t<\/div>\n\t\t\t\t<\/div>\n\t\t\t\t\t<\/div>\n\t\t<\/div>\n\t\t\t\t\t<\/div>\n\t\t<\/section>\n\t\t\t\t<section class=\"elementor-section elementor-top-section elementor-element elementor-element-ef65a32 elementor-section-boxed elementor-section-height-default elementor-section-height-default\" data-id=\"ef65a32\" data-element_type=\"section\" data-e-type=\"section\" data-settings=\"{&quot;background_background&quot;:&quot;classic&quot;}\">\n\t\t\t\t\t\t<div class=\"elementor-container elementor-column-gap-default\">\n\t\t\t\t\t<div class=\"elementor-column elementor-col-100 elementor-top-column elementor-element elementor-element-fb2b470\" data-id=\"fb2b470\" data-element_type=\"column\" data-e-type=\"column\">\n\t\t\t<div class=\"elementor-widget-wrap elementor-element-populated\">\n\t\t\t\t\t\t<div class=\"elementor-element elementor-element-f47d17c elementor-widget elementor-widget-heading\" data-id=\"f47d17c\" data-element_type=\"widget\" data-e-type=\"widget\" data-widget_type=\"heading.default\">\n\t\t\t\t<div class=\"elementor-widget-container\">\n\t\t\t\t\t<h2 class=\"elementor-heading-title elementor-size-default\">Qui sommes-nous<\/h2>\t\t\t\t<\/div>\n\t\t\t\t<\/div>\n\t\t\t\t\t<\/div>\n\t\t<\/div>\n\t\t\t\t\t<\/div>\n\t\t<\/section>\n\t\t\t\t<section class=\"elementor-section elementor-top-section elementor-element elementor-element-aea8559 elementor-section-boxed elementor-section-height-default elementor-section-height-default\" data-id=\"aea8559\" data-element_type=\"section\" data-e-type=\"section\">\n\t\t\t\t\t\t<div class=\"elementor-container elementor-column-gap-default\">\n\t\t\t\t\t<div class=\"elementor-column elementor-col-66 elementor-top-column elementor-element elementor-element-95a32fc\" data-id=\"95a32fc\" data-element_type=\"column\" data-e-type=\"column\">\n\t\t\t<div class=\"elementor-widget-wrap elementor-element-populated\">\n\t\t\t\t\t\t<div class=\"elementor-element elementor-element-d7d10f1 elementor-widget elementor-widget-text-editor\" data-id=\"d7d10f1\" data-element_type=\"widget\" data-e-type=\"widget\" data-widget_type=\"text-editor.default\">\n\t\t\t\t<div class=\"elementor-widget-container\">\n\t\t\t\t\t\t\t\t\tNous, la Famille Marianiste, sommes compos\u00e9es de branches distinctes, mais interconnect\u00e9es :\n<a href=\"https:\/\/www.clm-mlc.org\/\">Communaut\u00e9s La\u00efques Marianistes (CLM)<\/a>, <a href=\"https:\/\/marianist.org\/fr\/elementor-761\/alliance-mariale\/\">the Alliance Mariale (AM)<\/a>, <a href=\"https:\/\/www.fmi-adele.org\/\">the Daughters of Mary Immaculate (Marianist sisters \u2013 FMI)<\/a> et <a href=\"https:\/\/marianist.org\/fr\/\">the Society of Mary (Marianist Brothers and Priests \u2013 SM)<\/a>.\n\nNous sommes une famille mondiale, pr\u00e9sente dans plus de 30 pays.\nEnsemble, nous accomplissons la mission de la Sainte Vierge\u00a0: apporter le Christ au monde.\nNous \u0153uvrons dans les domaines de l'\u00e9ducation, de la justice sociale et de la pastorale, en nous concentrant sur la construction de communaut\u00e9s de foi et de service fortes.\nLa collaboration entre les branches est une caract\u00e9ristique de la vie marianiste aujourd'hui\u00a0: la\u00efcs, fr\u00e8res, pr\u00eatres et s\u0153urs marianistes travaillent ensemble pour r\u00e9pondre aux besoins de notre temps et favoriser la croissance spirituelle au sein de la Famille marianiste.\n<\/br><\/br>\n<img fetchpriority=\"high\" decoding=\"async\" class=\"size-full wp-image-8804 aligncenter\" src=\"https:\/\/marianist.org\/wp-content\/uploads\/2025\/03\/marianisti-mappa-mondiale-180x90-1.png\" alt=\"\" width=\"21260\" height=\"10630\" \/>\n<\/br>\n<h6>D\u00e9couvrez o\u00f9 nous sommes<\/h6>\n\nLe fichier original est configur\u00e9 pour une impression au format 180 cm x 90 cm (71 pouces x 35 pouces), mais il peut \u00eatre redimensionn\u00e9 \u00e0 volont\u00e9. Deux formats de fichier sont disponibles\u00a0: <a href=\"https:\/\/marianist.org\/wp-content\/uploads\/2025\/03\/marianisti-mappa-mondiale-180x90-1.pdf\">PDF<\/a> (5.6MB) et <a href=\"https:\/\/marianist.org\/wp-content\/uploads\/2025\/03\/marianisti-mappa-mondiale-180x90-1.png\">PNG<\/a> (3.7MB).\n\nLa carte montre les statistiques suivantes en date de mars 2025.\t\t\t\t\t\t\t\t<\/div>\n\t\t\t\t<\/div>\n\t\t\t\t\t<\/div>\n\t\t<\/div>\n\t\t\t\t<div class=\"elementor-column elementor-col-33 elementor-top-column elementor-element elementor-element-6e0de60\" data-id=\"6e0de60\" data-element_type=\"column\" data-e-type=\"column\">\n\t\t\t<div class=\"elementor-widget-wrap elementor-element-populated\">\n\t\t\t\t\t\t<div class=\"elementor-element elementor-element-acdbe29 elementor-widget elementor-widget-image\" data-id=\"acdbe29\" data-element_type=\"widget\" data-e-type=\"widget\" data-widget_type=\"image.default\">\n\t\t\t\t<div class=\"elementor-widget-container\">\n\t\t\t\t\t\t\t\t\t\t\t\t\t\t\t<img decoding=\"async\" width=\"474\" height=\"843\" src=\"https:\/\/marianist.org\/wp-content\/uploads\/2025\/03\/who-we-are-table-2025.03.28.png\" class=\"attachment-large size-large wp-image-8881\" alt=\"\" srcset=\"https:\/\/marianist.org\/wp-content\/uploads\/2025\/03\/who-we-are-table-2025.03.28.png 474w, https:\/\/marianist.org\/wp-content\/uploads\/2025\/03\/who-we-are-table-2025.03.28-169x300.png 169w, https:\/\/marianist.org\/wp-content\/uploads\/2025\/03\/who-we-are-table-2025.03.28-7x12.png 7w\" sizes=\"(max-width: 474px) 100vw, 474px\" \/>\t\t\t\t\t\t\t\t\t\t\t\t\t\t\t<\/div>\n\t\t\t\t<\/div>\n\t\t\t\t\t<\/div>\n\t\t<\/div>\n\t\t\t\t\t<\/div>\n\t\t<\/section>\n\t\t\t\t<\/div>","protected":false},"excerpt":{"rendered":"<p>Who we are We, the Marianist Family, are comprised of separate, yet interconnected, branches: Lay Marianist Communities (MLC-CLM), the Alliance Mariale (AM), the Daughters of Mary Immaculate (Marianist sisters \u2013 FMI) and the Society of Mary (Marianist Brothers and Priests \u2013 SM). We are a global family, present in more than 30 countries across the [&hellip;]<\/p>\n","protected":false},"author":834,"featured_media":0,"parent":984,"menu_order":0,"comment_status":"closed","ping_status":"closed","template":"elementor_header_footer","meta":{"site-sidebar-layout":"no-sidebar","site-content-layout":"page-builder","ast-site-content-layout":"default","site-content-style":"default","site-sidebar-style":"default","ast-global-header-display":"","ast-banner-title-visibility":"","ast-main-header-display":"","ast-hfb-above-header-display":"","ast-hfb-below-header-display":"","ast-hfb-mobile-header-display":"","site-post-title":"disabled","ast-breadcrumbs-content":"","ast-featured-img":"disabled","footer-sml-layout":"","ast-disable-related-posts":"","theme-transparent-header-meta":"default","adv-header-id-meta":"","stick-header-meta":"","header-above-stick-meta":"","header-main-stick-meta":"","header-below-stick-meta":"","astra-migrate-meta-layouts":"default","ast-page-background-enabled":"default","ast-page-background-meta":{"desktop":{"background-color":"","background-image":"","background-repeat":"repeat","background-position":"center center","background-size":"auto","background-attachment":"scroll","background-type":"","background-media":"","overlay-type":"","overlay-color":"","overlay-opacity":"","overlay-gradient":""},"tablet":{"background-color":"","background-image":"","background-repeat":"repeat","background-position":"center center","background-size":"auto","background-attachment":"scroll","background-type":"","background-media":"","overlay-type":"","overlay-color":"","overlay-opacity":"","overlay-gradient":""},"mobile":{"background-color":"","background-image":"","background-repeat":"repeat","background-position":"center center","background-size":"auto","background-attachment":"scroll","background-type":"","background-media":"","overlay-type":"","overlay-color":"","overlay-opacity":"","overlay-gradient":""}},"ast-content-background-meta":{"desktop":{"background-color":"var(--ast-global-color-5)","background-image":"","background-repeat":"repeat","background-position":"center center","background-size":"auto","background-attachment":"scroll","background-type":"","background-media":"","overlay-type":"","overlay-color":"","overlay-opacity":"","overlay-gradient":""},"tablet":{"background-color":"var(--ast-global-color-5)","background-image":"","background-repeat":"repeat","background-position":"center center","background-size":"auto","background-attachment":"scroll","background-type":"","background-media":"","overlay-type":"","overlay-color":"","overlay-opacity":"","overlay-gradient":""},"mobile":{"background-color":"var(--ast-global-color-5)","background-image":"","background-repeat":"repeat","background-position":"center center","background-size":"auto","background-attachment":"scroll","background-type":"","background-media":"","overlay-type":"","overlay-color":"","overlay-opacity":"","overlay-gradient":""}},"footnotes":""},"class_list":["post-8789","page","type-page","status-publish","hentry"],"ams_acf":[],"_links":{"self":[{"href":"https:\/\/marianist.org\/fr\/wp-json\/wp\/v2\/pages\/8789","targetHints":{"allow":["GET"]}}],"collection":[{"href":"https:\/\/marianist.org\/fr\/wp-json\/wp\/v2\/pages"}],"about":[{"href":"https:\/\/marianist.org\/fr\/wp-json\/wp\/v2\/types\/page"}],"author":[{"embeddable":true,"href":"https:\/\/marianist.org\/fr\/wp-json\/wp\/v2\/users\/834"}],"replies":[{"embeddable":true,"href":"https:\/\/marianist.org\/fr\/wp-json\/wp\/v2\/comments?post=8789"}],"version-history":[{"count":83,"href":"https:\/\/marianist.org\/fr\/wp-json\/wp\/v2\/pages\/8789\/revisions"}],"predecessor-version":[{"id":8942,"href":"https:\/\/marianist.org\/fr\/wp-json\/wp\/v2\/pages\/8789\/revisions\/8942"}],"up":[{"embeddable":true,"href":"https:\/\/marianist.org\/fr\/wp-json\/wp\/v2\/pages\/984"}],"wp:attachment":[{"href":"https:\/\/marianist.org\/fr\/wp-json\/wp\/v2\/media?parent=8789"}],"curies":[{"name":"wp","href":"https:\/\/api.w.org\/{rel}","templated":true}]}}