{"id":6010,"date":"2022-04-18T14:44:12","date_gmt":"2022-04-18T14:44:12","guid":{"rendered":"https:\/\/marianist.org\/?page_id=6010"},"modified":"2024-09-09T15:42:11","modified_gmt":"2024-09-09T15:42:11","slug":"bigmar-portal","status":"publish","type":"page","link":"https:\/\/marianist.org\/fr\/bigmar-portal\/","title":{"rendered":"bigmar-portal"},"content":{"rendered":"<div data-elementor-type=\"wp-page\" data-elementor-id=\"6010\" class=\"elementor elementor-6010\" data-elementor-post-type=\"page\">\n\t\t\t\t\t\t<section class=\"elementor-section elementor-top-section elementor-element elementor-element-0a126f2 elementor-section-boxed elementor-section-height-default elementor-section-height-default\" data-id=\"0a126f2\" data-element_type=\"section\" data-e-type=\"section\">\n\t\t\t\t\t\t<div class=\"elementor-container elementor-column-gap-default\">\n\t\t\t\t\t<div class=\"elementor-column elementor-col-100 elementor-top-column elementor-element elementor-element-bb005b3\" data-id=\"bb005b3\" data-element_type=\"column\" data-e-type=\"column\">\n\t\t\t<div class=\"elementor-widget-wrap elementor-element-populated\">\n\t\t\t\t\t\t<section class=\"elementor-section elementor-inner-section elementor-element elementor-element-d177c0c elementor-section-boxed elementor-section-height-default elementor-section-height-default\" data-id=\"d177c0c\" data-element_type=\"section\" data-e-type=\"section\">\n\t\t\t\t\t\t<div class=\"elementor-container elementor-column-gap-default\">\n\t\t\t\t\t<div class=\"elementor-column elementor-col-50 elementor-inner-column elementor-element elementor-element-1b4b48e\" data-id=\"1b4b48e\" data-element_type=\"column\" data-e-type=\"column\">\n\t\t\t<div class=\"elementor-widget-wrap elementor-element-populated\">\n\t\t\t\t\t\t<div class=\"elementor-element elementor-element-2cb3432 elementor-widget elementor-widget-heading\" data-id=\"2cb3432\" data-element_type=\"widget\" data-e-type=\"widget\" data-widget_type=\"heading.default\">\n\t\t\t\t<div class=\"elementor-widget-container\">\n\t\t\t\t\t<h2 class=\"elementor-heading-title elementor-size-default\">BIBLIOTECA MARIANISTA - Roma<\/h2>\t\t\t\t<\/div>\n\t\t\t\t<\/div>\n\t\t\t\t<div class=\"elementor-element elementor-element-4237ac2 elementor-widget elementor-widget-text-editor\" data-id=\"4237ac2\" data-element_type=\"widget\" data-e-type=\"widget\" data-widget_type=\"text-editor.default\">\n\t\t\t\t<div class=\"elementor-widget-container\">\n\t\t\t\t\t\t\t\t\t<p>Benvenuto nella Biblioteca Marianista, situata a Roma. Qui, con le credenziali di un membro, pu\u00f2 avere accesso alle seguenti biblioteche:<\/p><ul><li>Biblioteca dell&#8217;Archivio Generale<\/li><li>Biblioteca Curia Generalizia<\/li><li>Biblioteca Marianista<\/li><\/ul><p>Per accedere al catalogo e ai servizi, clicchi sul pulsante.<\/p>\t\t\t\t\t\t\t\t<\/div>\n\t\t\t\t<\/div>\n\t\t\t\t\t<\/div>\n\t\t<\/div>\n\t\t\t\t<div class=\"elementor-column elementor-col-50 elementor-inner-column elementor-element elementor-element-ac7240c\" data-id=\"ac7240c\" data-element_type=\"column\" data-e-type=\"column\">\n\t\t\t<div class=\"elementor-widget-wrap elementor-element-populated\">\n\t\t\t\t\t\t<div class=\"elementor-element elementor-element-aa0eb63 elementor-widget elementor-widget-image\" data-id=\"aa0eb63\" data-element_type=\"widget\" data-e-type=\"widget\" data-widget_type=\"image.default\">\n\t\t\t\t<div class=\"elementor-widget-container\">\n\t\t\t\t\t\t\t\t\t\t\t\t\t\t\t<img fetchpriority=\"high\" decoding=\"async\" width=\"1024\" height=\"547\" src=\"https:\/\/marianist.org\/wp-content\/uploads\/2022\/04\/BiblioLogo-1024x547.png\" class=\"attachment-large size-large wp-image-6012\" alt=\"\" srcset=\"https:\/\/marianist.org\/wp-content\/uploads\/2022\/04\/BiblioLogo-1024x547.png 1024w, https:\/\/marianist.org\/wp-content\/uploads\/2022\/04\/BiblioLogo-300x160.png 300w, https:\/\/marianist.org\/wp-content\/uploads\/2022\/04\/BiblioLogo-768x410.png 768w, https:\/\/marianist.org\/wp-content\/uploads\/2022\/04\/BiblioLogo-18x10.png 18w, https:\/\/marianist.org\/wp-content\/uploads\/2022\/04\/BiblioLogo.png 1421w\" sizes=\"(max-width: 1024px) 100vw, 1024px\" \/>\t\t\t\t\t\t\t\t\t\t\t\t\t\t\t<\/div>\n\t\t\t\t<\/div>\n\t\t\t\t<div class=\"elementor-element elementor-element-8accea2 elementor-align-center elementor-widget elementor-widget-button\" data-id=\"8accea2\" data-element_type=\"widget\" data-e-type=\"widget\" data-widget_type=\"button.default\">\n\t\t\t\t<div class=\"elementor-widget-container\">\n\t\t\t\t\t\t\t\t\t<div class=\"elementor-button-wrapper\">\n\t\t\t\t\t<a class=\"elementor-button elementor-button-link elementor-size-sm\" href=\"https:\/\/bigmar.marianist.org\/\">\n\t\t\t\t\t\t<span class=\"elementor-button-content-wrapper\">\n\t\t\t\t\t\t\t\t\t<span class=\"elementor-button-text\">Access<\/span>\n\t\t\t\t\t<\/span>\n\t\t\t\t\t<\/a>\n\t\t\t\t<\/div>\n\t\t\t\t\t\t\t\t<\/div>\n\t\t\t\t<\/div>\n\t\t\t\t\t<\/div>\n\t\t<\/div>\n\t\t\t\t\t<\/div>\n\t\t<\/section>\n\t\t\t\t<div class=\"elementor-element elementor-element-a11466e elementor-widget elementor-widget-heading\" data-id=\"a11466e\" data-element_type=\"widget\" data-e-type=\"widget\" data-widget_type=\"heading.default\">\n\t\t\t\t<div class=\"elementor-widget-container\">\n\t\t\t\t\t<h2 class=\"elementor-heading-title elementor-size-default\">Biblioth\u00e8ques Marianistes - Rome<\/h2>\t\t\t\t<\/div>\n\t\t\t\t<\/div>\n\t\t\t\t<div class=\"elementor-element elementor-element-fb64292 elementor-widget elementor-widget-text-editor\" data-id=\"fb64292\" data-element_type=\"widget\" data-e-type=\"widget\" data-widget_type=\"text-editor.default\">\n\t\t\t\t<div class=\"elementor-widget-container\">\n\t\t\t\t\t\t\t\t\t<p>Bienvenue aux biblioth\u00e8ques de la Biblioteca Marianista, situ\u00e9e \u00e0 Rome.  Ici, avec une accr\u00e9ditation de membre, vous pouvez avoir acc\u00e8s aux biblioth\u00e8ques suivantes :<\/p><ul><li>Biblioth\u00e8que des Archives g\u00e9n\u00e9rales\u00a0<\/li><li>Biblioth\u00e8que de l'Administration G\u00e9n\u00e9rale<\/li><li>Biblioth\u00e8que Marianiste<\/li><\/ul><p>Pour acc\u00e9der au catalogue et aux services, cliquez sur le bouton.<\/p>\t\t\t\t\t\t\t\t<\/div>\n\t\t\t\t<\/div>\n\t\t\t\t\t<\/div>\n\t\t<\/div>\n\t\t\t\t\t<\/div>\n\t\t<\/section>\n\t\t\t\t<\/div>","protected":false},"excerpt":{"rendered":"<p>BIBLIOTECA MARIANISTA &#8211; Roma Benvenuto nella Biblioteca Marianista, situata a Roma. Qui, con le credenziali di un membro, pu\u00f2 avere accesso alle seguenti biblioteche: Biblioteca dell&#8217;Archivio Generale Biblioteca Curia Generalizia Biblioteca Marianista Per accedere al catalogo e ai servizi, clicchi sul pulsante. Access MARIANIST LIBRARYS &#8211; Rome Welcome to the Librarys of the the Biblioteca [&hellip;]<\/p>\n","protected":false},"author":1,"featured_media":0,"parent":0,"menu_order":0,"comment_status":"closed","ping_status":"closed","template":"","meta":{"site-sidebar-layout":"no-sidebar","site-content-layout":"page-builder","ast-site-content-layout":"default","site-content-style":"default","site-sidebar-style":"default","ast-global-header-display":"","ast-banner-title-visibility":"","ast-main-header-display":"","ast-hfb-above-header-display":"","ast-hfb-below-header-display":"","ast-hfb-mobile-header-display":"","site-post-title":"disabled","ast-breadcrumbs-content":"","ast-featured-img":"disabled","footer-sml-layout":"","ast-disable-related-posts":"","theme-transparent-header-meta":"default","adv-header-id-meta":"","stick-header-meta":"","header-above-stick-meta":"","header-main-stick-meta":"","header-below-stick-meta":"","astra-migrate-meta-layouts":"default","ast-page-background-enabled":"default","ast-page-background-meta":{"desktop":{"background-color":"","background-image":"","background-repeat":"repeat","background-position":"center center","background-size":"auto","background-attachment":"scroll","background-type":"","background-media":"","overlay-type":"","overlay-color":"","overlay-opacity":"","overlay-gradient":""},"tablet":{"background-color":"","background-image":"","background-repeat":"repeat","background-position":"center center","background-size":"auto","background-attachment":"scroll","background-type":"","background-media":"","overlay-type":"","overlay-color":"","overlay-opacity":"","overlay-gradient":""},"mobile":{"background-color":"","background-image":"","background-repeat":"repeat","background-position":"center center","background-size":"auto","background-attachment":"scroll","background-type":"","background-media":"","overlay-type":"","overlay-color":"","overlay-opacity":"","overlay-gradient":""}},"ast-content-background-meta":{"desktop":{"background-color":"var(--ast-global-color-5)","background-image":"","background-repeat":"repeat","background-position":"center center","background-size":"auto","background-attachment":"scroll","background-type":"","background-media":"","overlay-type":"","overlay-color":"","overlay-opacity":"","overlay-gradient":""},"tablet":{"background-color":"var(--ast-global-color-5)","background-image":"","background-repeat":"repeat","background-position":"center center","background-size":"auto","background-attachment":"scroll","background-type":"","background-media":"","overlay-type":"","overlay-color":"","overlay-opacity":"","overlay-gradient":""},"mobile":{"background-color":"var(--ast-global-color-5)","background-image":"","background-repeat":"repeat","background-position":"center center","background-size":"auto","background-attachment":"scroll","background-type":"","background-media":"","overlay-type":"","overlay-color":"","overlay-opacity":"","overlay-gradient":""}},"footnotes":""},"class_list":["post-6010","page","type-page","status-publish","hentry"],"ams_acf":[],"_links":{"self":[{"href":"https:\/\/marianist.org\/fr\/wp-json\/wp\/v2\/pages\/6010","targetHints":{"allow":["GET"]}}],"collection":[{"href":"https:\/\/marianist.org\/fr\/wp-json\/wp\/v2\/pages"}],"about":[{"href":"https:\/\/marianist.org\/fr\/wp-json\/wp\/v2\/types\/page"}],"author":[{"embeddable":true,"href":"https:\/\/marianist.org\/fr\/wp-json\/wp\/v2\/users\/1"}],"replies":[{"embeddable":true,"href":"https:\/\/marianist.org\/fr\/wp-json\/wp\/v2\/comments?post=6010"}],"version-history":[{"count":13,"href":"https:\/\/marianist.org\/fr\/wp-json\/wp\/v2\/pages\/6010\/revisions"}],"predecessor-version":[{"id":8328,"href":"https:\/\/marianist.org\/fr\/wp-json\/wp\/v2\/pages\/6010\/revisions\/8328"}],"wp:attachment":[{"href":"https:\/\/marianist.org\/fr\/wp-json\/wp\/v2\/media?parent=6010"}],"curies":[{"name":"wp","href":"https:\/\/api.w.org\/{rel}","templated":true}]}}