{"id":1759,"date":"2020-11-21T15:10:08","date_gmt":"2020-11-21T15:10:08","guid":{"rendered":"https:\/\/marianist.org\/?page_id=1759"},"modified":"2020-11-23T14:20:39","modified_gmt":"2020-11-23T14:20:39","slug":"sm-education-characteristics","status":"publish","type":"page","link":"https:\/\/marianist.org\/fr\/elementor-761\/society-of-mary-sm\/sm-education\/sm-education-characteristics\/","title":{"rendered":"SM &#8211; Education-Characteristics"},"content":{"rendered":"<div data-elementor-type=\"wp-page\" data-elementor-id=\"1759\" class=\"elementor elementor-1759\" data-elementor-post-type=\"page\">\n\t\t\t\t\t\t<section class=\"elementor-section elementor-top-section elementor-element elementor-element-35ec619 elementor-section-full_width elementor-section-height-default elementor-section-height-default\" data-id=\"35ec619\" data-element_type=\"section\" data-e-type=\"section\" data-settings=\"{&quot;background_background&quot;:&quot;classic&quot;}\">\n\t\t\t\t\t\t<div class=\"elementor-container elementor-column-gap-default\">\n\t\t\t\t\t<div class=\"elementor-column elementor-col-100 elementor-top-column elementor-element elementor-element-6834a17\" data-id=\"6834a17\" data-element_type=\"column\" data-e-type=\"column\" data-settings=\"{&quot;background_background&quot;:&quot;classic&quot;}\">\n\t\t\t<div class=\"elementor-widget-wrap elementor-element-populated\">\n\t\t\t\t\t\t<div class=\"elementor-element elementor-element-84c623b elementor-nav-menu--dropdown-none elementor-widget__width-inherit elementor-widget elementor-widget-nav-menu\" data-id=\"84c623b\" data-element_type=\"widget\" data-e-type=\"widget\" data-settings=\"{&quot;layout&quot;:&quot;horizontal&quot;,&quot;submenu_icon&quot;:{&quot;value&quot;:&quot;&lt;i class=\\&quot;fas fa-caret-down\\&quot; aria-hidden=\\&quot;true\\&quot;&gt;&lt;\\\/i&gt;&quot;,&quot;library&quot;:&quot;fa-solid&quot;}}\" data-widget_type=\"nav-menu.default\">\n\t\t\t\t<div class=\"elementor-widget-container\">\n\t\t\t\t\t\t\t\t<nav aria-label=\"Menu\" class=\"elementor-nav-menu--main elementor-nav-menu__container elementor-nav-menu--layout-horizontal e--pointer-background e--animation-fade\">\n\t\t\t\t<ul id=\"menu-1-84c623b\" class=\"elementor-nav-menu\"><li class=\"menu-item menu-item-type-post_type menu-item-object-page menu-item-home menu-item-866\"><a href=\"https:\/\/marianist.org\/fr\/\" class=\"elementor-item menu-link\">Home<\/a><\/li>\n<li class=\"menu-item menu-item-type-post_type menu-item-object-page menu-item-964\"><a href=\"https:\/\/marianist.org\/fr\/elementor-761\/society-of-mary-sm\/\" class=\"elementor-item menu-link\">Societ\u00e9 de Marie (SM)<\/a><\/li>\n<li class=\"menu-item menu-item-type-custom menu-item-object-custom menu-item-has-children menu-item-982\"><a role=\"button\" aria-expanded=\"false\" class=\"elementor-item menu-link\">de la Famille Marianiste<\/a>\n<ul class=\"sub-menu elementor-nav-menu--dropdown\">\n\t<li class=\"menu-item menu-item-type-post_type menu-item-object-page menu-item-987\"><a href=\"https:\/\/marianist.org\/fr\/elementor-761\/world-council\/\" class=\"elementor-sub-item menu-link\">Conseil Mondial<\/a><\/li>\n\t<li class=\"menu-item menu-item-type-post_type menu-item-object-page menu-item-867\"><a href=\"https:\/\/marianist.org\/fr\/elementor-761\/alliance-mariale\/\" class=\"elementor-sub-item menu-link\">Alliance Mariale (AM)<\/a><\/li>\n\t<li class=\"menu-item menu-item-type-custom menu-item-object-custom menu-item-977\"><a href=\"https:\/\/www.fmi-adele.org\/en\/\" class=\"elementor-sub-item menu-link\">Filles de Marie Immacul\u00e9e (FMI)<\/a><\/li>\n\t<li class=\"menu-item menu-item-type-custom menu-item-object-custom menu-item-978\"><a href=\"http:\/\/www.clm-mlc.org\/\" class=\"elementor-sub-item menu-link\">Communaut\u00e9s La\u00efques Marianistes (CLM)<\/a><\/li>\n<\/ul>\n<\/li>\n<li class=\"menu-item menu-item-type-post_type menu-item-object-page menu-item-has-children menu-item-8825\"><a role=\"button\" aria-expanded=\"false\" href=\"https:\/\/marianist.org\/fr\/elementor-761\/world-council\/who-we-are\/\" class=\"elementor-item menu-link\">Qui sommes-nous<\/a>\n<ul class=\"sub-menu elementor-nav-menu--dropdown\">\n\t<li class=\"menu-item menu-item-type-post_type menu-item-object-page menu-item-8770\"><a href=\"https:\/\/marianist.org\/fr\/elementor-761\/society-of-mary-sm\/sm-about\/sm-marianist-world-map\/\" class=\"elementor-sub-item menu-link\">SM &#8211; Interactive Marianist World Map<\/a><\/li>\n<\/ul>\n<\/li>\n<\/ul>\t\t\t<\/nav>\n\t\t\t\t\t\t<nav class=\"elementor-nav-menu--dropdown elementor-nav-menu__container\" aria-hidden=\"true\">\n\t\t\t\t<ul id=\"menu-2-84c623b\" class=\"elementor-nav-menu\"><li class=\"menu-item menu-item-type-post_type menu-item-object-page menu-item-home menu-item-866\"><a href=\"https:\/\/marianist.org\/fr\/\" class=\"elementor-item menu-link\" tabindex=\"-1\">Home<\/a><\/li>\n<li class=\"menu-item menu-item-type-post_type menu-item-object-page menu-item-964\"><a href=\"https:\/\/marianist.org\/fr\/elementor-761\/society-of-mary-sm\/\" class=\"elementor-item menu-link\" tabindex=\"-1\">Societ\u00e9 de Marie (SM)<\/a><\/li>\n<li class=\"menu-item menu-item-type-custom menu-item-object-custom menu-item-has-children menu-item-982\"><a role=\"button\" aria-expanded=\"false\" class=\"elementor-item menu-link\" tabindex=\"-1\">de la Famille Marianiste<\/a>\n<ul class=\"sub-menu elementor-nav-menu--dropdown\">\n\t<li class=\"menu-item menu-item-type-post_type menu-item-object-page menu-item-987\"><a href=\"https:\/\/marianist.org\/fr\/elementor-761\/world-council\/\" class=\"elementor-sub-item menu-link\" tabindex=\"-1\">Conseil Mondial<\/a><\/li>\n\t<li class=\"menu-item menu-item-type-post_type menu-item-object-page menu-item-867\"><a href=\"https:\/\/marianist.org\/fr\/elementor-761\/alliance-mariale\/\" class=\"elementor-sub-item menu-link\" tabindex=\"-1\">Alliance Mariale (AM)<\/a><\/li>\n\t<li class=\"menu-item menu-item-type-custom menu-item-object-custom menu-item-977\"><a href=\"https:\/\/www.fmi-adele.org\/en\/\" class=\"elementor-sub-item menu-link\" tabindex=\"-1\">Filles de Marie Immacul\u00e9e (FMI)<\/a><\/li>\n\t<li class=\"menu-item menu-item-type-custom menu-item-object-custom menu-item-978\"><a href=\"http:\/\/www.clm-mlc.org\/\" class=\"elementor-sub-item menu-link\" tabindex=\"-1\">Communaut\u00e9s La\u00efques Marianistes (CLM)<\/a><\/li>\n<\/ul>\n<\/li>\n<li class=\"menu-item menu-item-type-post_type menu-item-object-page menu-item-has-children menu-item-8825\"><a role=\"button\" aria-expanded=\"false\" href=\"https:\/\/marianist.org\/fr\/elementor-761\/world-council\/who-we-are\/\" class=\"elementor-item menu-link\" tabindex=\"-1\">Qui sommes-nous<\/a>\n<ul class=\"sub-menu elementor-nav-menu--dropdown\">\n\t<li class=\"menu-item menu-item-type-post_type menu-item-object-page menu-item-8770\"><a href=\"https:\/\/marianist.org\/fr\/elementor-761\/society-of-mary-sm\/sm-about\/sm-marianist-world-map\/\" class=\"elementor-sub-item menu-link\" tabindex=\"-1\">SM &#8211; Interactive Marianist World Map<\/a><\/li>\n<\/ul>\n<\/li>\n<\/ul>\t\t\t<\/nav>\n\t\t\t\t\t\t<\/div>\n\t\t\t\t<\/div>\n\t\t\t\t\t<\/div>\n\t\t<\/div>\n\t\t\t\t\t<\/div>\n\t\t<\/section>\n\t\t\t\t<section class=\"elementor-section elementor-top-section elementor-element elementor-element-f1cf9b0 elementor-section-boxed elementor-section-height-default elementor-section-height-default\" data-id=\"f1cf9b0\" data-element_type=\"section\" data-e-type=\"section\" data-settings=\"{&quot;background_background&quot;:&quot;video&quot;,&quot;background_video_link&quot;:&quot;\\\/video\\\/EducationSM.mp4&quot;,&quot;background_video_start&quot;:0,&quot;background_play_on_mobile&quot;:&quot;yes&quot;}\">\n\t\t\t\t\t\t\t\t<div class=\"elementor-background-video-container\">\n\t\t\t\t\t\t\t\t\t\t\t\t\t<video class=\"elementor-background-video-hosted\" role=\"presentation\" autoplay muted playsinline loop><\/video>\n\t\t\t\t\t\t\t\t\t\t\t<\/div>\n\t\t\t\t\t\t\t\t\t<div class=\"elementor-background-overlay\"><\/div>\n\t\t\t\t\t\t\t<div class=\"elementor-container elementor-column-gap-default\">\n\t\t\t\t\t<div class=\"elementor-column elementor-col-100 elementor-top-column elementor-element elementor-element-88b048d\" data-id=\"88b048d\" data-element_type=\"column\" data-e-type=\"column\">\n\t\t\t<div class=\"elementor-widget-wrap elementor-element-populated\">\n\t\t\t\t\t\t<div class=\"elementor-element elementor-element-313d009 elementor-widget elementor-widget-heading\" data-id=\"313d009\" data-element_type=\"widget\" data-e-type=\"widget\" data-no-translation=\"\" data-widget_type=\"heading.default\">\n\t\t\t\t<div class=\"elementor-widget-container\">\n\t\t\t\t\t<style>.elementor-element-313d009{display:none !important}<\/style>\t\t\t\t<\/div>\n\t\t\t\t<\/div>\n\t\t\t\t<div class=\"elementor-element elementor-element-842735b elementor-widget elementor-widget-heading\" data-id=\"842735b\" data-element_type=\"widget\" data-e-type=\"widget\" data-no-translation=\"\" data-widget_type=\"heading.default\">\n\t\t\t\t<div class=\"elementor-widget-container\">\n\t\t\t\t\t<style>.elementor-element-842735b{display:none !important}<\/style>\t\t\t\t<\/div>\n\t\t\t\t<\/div>\n\t\t\t\t<div class=\"elementor-element elementor-element-5b600ab elementor-widget elementor-widget-heading\" data-id=\"5b600ab\" data-element_type=\"widget\" data-e-type=\"widget\" data-no-translation=\"\" data-widget_type=\"heading.default\">\n\t\t\t\t<div class=\"elementor-widget-container\">\n\t\t\t\t\t<h2 class=\"elementor-heading-title elementor-size-default\"><br>CARACTERISTIQUES \n\tDE<br>L&#039;\u00c9DUCATION \nMARIANISTE\n<\/h2>\t\t\t\t<\/div>\n\t\t\t\t<\/div>\n\t\t\t\t<div class=\"elementor-element elementor-element-d88ddcc elementor-widget__width-initial elementor-widget elementor-widget-text-editor\" data-id=\"d88ddcc\" data-element_type=\"widget\" data-e-type=\"widget\" data-no-translation=\"\" data-widget_type=\"text-editor.default\">\n\t\t\t\t<div class=\"elementor-widget-container\">\n\t\t\t\t\t<style>.elementor-element-d88ddcc{display:none !important}<\/style>\t\t\t\t<\/div>\n\t\t\t\t<\/div>\n\t\t\t\t<div class=\"elementor-element elementor-element-98f196b elementor-widget__width-initial elementor-widget elementor-widget-text-editor\" data-id=\"98f196b\" data-element_type=\"widget\" data-e-type=\"widget\" data-no-translation=\"\" data-widget_type=\"text-editor.default\">\n\t\t\t\t<div class=\"elementor-widget-container\">\n\t\t\t\t\t<style>.elementor-element-98f196b{display:none !important}<\/style>\t\t\t\t<\/div>\n\t\t\t\t<\/div>\n\t\t\t\t<div class=\"elementor-element elementor-element-a77be0b elementor-widget__width-initial elementor-widget elementor-widget-text-editor\" data-id=\"a77be0b\" data-element_type=\"widget\" data-e-type=\"widget\" data-no-translation=\"\" data-widget_type=\"text-editor.default\">\n\t\t\t\t<div class=\"elementor-widget-container\">\n\t\t\t\t\t\t\t\t\t<p style=\"font-weight: 400;\">Le Chapitre G\u00e9n\u00e9ral de la Soci\u00e9t\u00e9 de Marie de 1991 a d\u00e9cid\u00e9 que soit r\u00e9alis\u00e9e une synth\u00e8se actualis\u00e9e des \u00e9l\u00e9ments communs de la tradition \u00e9ducative marianiste. A cette fin, ont \u00e9t\u00e9 entreprises des recherches, des consultations et des discussions auxquelles ont particip\u00e9 des \u00e9ducateurs la\u00efcs et religieux des \u00e9tablissements marianistes du monde entier. Cette recherche s&#8217;est d\u00e9roul\u00e9e en r\u00e9f\u00e9rence \u00e0 la spiritualit\u00e9 marianiste v\u00e9cue sur le terrain, telle qu&#8217;elle d\u00e9coule du charisme fondateur de Guillaume Joseph Chaminade:<\/p><ul><li style=\"font-weight: 400;\">\u00c9duquer dans une perspective de foi ;<\/li><li style=\"font-weight: 400;\">offrir une \u00e9ducation int\u00e9grale de qualit\u00e9 ;<\/li><li style=\"font-weight: 400;\">dans une ambiance d&#8217;esprit de famille ;<\/li><li style=\"font-weight: 400;\">pr\u00e9parer \u00e0 servir la cause de la justice et de la paix ;<\/li><li style=\"font-weight: 400;\">rendre capable de s&#8217;adapter aux changements.\u00a0 \u00a0 <a href=\"\/education\/CaracteristiquesEducationMarianiste_Fr.pdf\"><em>En savoir plus<\/em><\/a><\/li><\/ul>\t\t\t\t\t\t\t\t<\/div>\n\t\t\t\t<\/div>\n\t\t\t\t\t<\/div>\n\t\t<\/div>\n\t\t\t\t\t<\/div>\n\t\t<\/section>\n\t\t\t\t<section class=\"elementor-section elementor-top-section elementor-element elementor-element-848ca3b elementor-section-boxed elementor-section-height-default elementor-section-height-default\" data-id=\"848ca3b\" data-element_type=\"section\" data-e-type=\"section\">\n\t\t\t\t\t\t<div class=\"elementor-container elementor-column-gap-default\">\n\t\t\t\t\t<div class=\"elementor-column elementor-col-100 elementor-top-column elementor-element elementor-element-0ca52fc\" data-id=\"0ca52fc\" data-element_type=\"column\" data-e-type=\"column\">\n\t\t\t<div class=\"elementor-widget-wrap elementor-element-populated\">\n\t\t\t\t\t\t<div class=\"elementor-element elementor-element-552cb9b elementor-widget elementor-widget-template\" data-id=\"552cb9b\" data-element_type=\"widget\" data-e-type=\"widget\" data-widget_type=\"template.default\">\n\t\t\t\t<div class=\"elementor-widget-container\">\n\t\t\t\t\t\t\t<div class=\"elementor-template\">\n\t\t\t\t\t<div data-elementor-type=\"section\" data-elementor-id=\"1351\" class=\"elementor elementor-1351\" data-elementor-post-type=\"elementor_library\">\n\t\t\t\t\t<section class=\"elementor-section elementor-top-section elementor-element elementor-element-6626138 elementor-section-boxed elementor-section-height-default elementor-section-height-default\" data-id=\"6626138\" data-element_type=\"section\" data-e-type=\"section\">\n\t\t\t\t\t\t<div class=\"elementor-container elementor-column-gap-default\">\n\t\t\t\t\t<div class=\"elementor-column elementor-col-100 elementor-top-column elementor-element elementor-element-d8ba6f2\" data-id=\"d8ba6f2\" data-element_type=\"column\" data-e-type=\"column\">\n\t\t\t<div class=\"elementor-widget-wrap elementor-element-populated\">\n\t\t\t\t\t\t<section class=\"elementor-section elementor-inner-section elementor-element elementor-element-9d41fca elementor-section-boxed elementor-section-height-default elementor-section-height-default\" data-id=\"9d41fca\" data-element_type=\"section\" data-e-type=\"section\">\n\t\t\t\t\t\t<div class=\"elementor-container elementor-column-gap-default\">\n\t\t\t\t\t<div class=\"elementor-column elementor-col-100 elementor-inner-column elementor-element elementor-element-3e53fd9\" data-id=\"3e53fd9\" data-element_type=\"column\" data-e-type=\"column\">\n\t\t\t<div class=\"elementor-widget-wrap elementor-element-populated\">\n\t\t\t\t\t\t<div class=\"elementor-element elementor-element-d83d560 elementor-widget elementor-widget-heading\" data-id=\"d83d560\" data-element_type=\"widget\" data-e-type=\"widget\" data-widget_type=\"heading.default\">\n\t\t\t\t<div class=\"elementor-widget-container\">\n\t\t\t\t\t<h2 class=\"elementor-heading-title elementor-size-default\">Portail pour les membres de la SM <\/h2>\t\t\t\t<\/div>\n\t\t\t\t<\/div>\n\t\t\t\t\t<\/div>\n\t\t<\/div>\n\t\t\t\t\t<\/div>\n\t\t<\/section>\n\t\t\t\t<section class=\"elementor-section elementor-inner-section elementor-element elementor-element-466f03f elementor-section-boxed elementor-section-height-default elementor-section-height-default\" data-id=\"466f03f\" data-element_type=\"section\" data-e-type=\"section\">\n\t\t\t\t\t\t<div class=\"elementor-container elementor-column-gap-default\">\n\t\t\t\t\t<div class=\"elementor-column elementor-col-50 elementor-inner-column elementor-element elementor-element-37c5c15\" data-id=\"37c5c15\" data-element_type=\"column\" data-e-type=\"column\">\n\t\t\t<div class=\"elementor-widget-wrap elementor-element-populated\">\n\t\t\t\t\t\t<div class=\"elementor-element elementor-element-2d4990f elementor-align-right elementor-widget elementor-widget-button\" data-id=\"2d4990f\" data-element_type=\"widget\" data-e-type=\"widget\" data-widget_type=\"button.default\">\n\t\t\t\t<div class=\"elementor-widget-container\">\n\t\t\t\t\t\t\t\t\t<div class=\"elementor-button-wrapper\">\n\t\t\t\t\t<a class=\"elementor-button elementor-button-link elementor-size-sm\" href=\"https:\/\/marianist.org\/fr\/elementor-761\/sm-portal-page\/\">\n\t\t\t\t\t\t<span class=\"elementor-button-content-wrapper\">\n\t\t\t\t\t\t\t\t\t<span class=\"elementor-button-text\">Entrer<\/span>\n\t\t\t\t\t<\/span>\n\t\t\t\t\t<\/a>\n\t\t\t\t<\/div>\n\t\t\t\t\t\t\t\t<\/div>\n\t\t\t\t<\/div>\n\t\t\t\t\t<\/div>\n\t\t<\/div>\n\t\t\t\t<div class=\"elementor-column elementor-col-50 elementor-inner-column elementor-element elementor-element-5d515e5\" data-id=\"5d515e5\" data-element_type=\"column\" data-e-type=\"column\">\n\t\t\t<div class=\"elementor-widget-wrap elementor-element-populated\">\n\t\t\t\t\t\t<div class=\"elementor-element elementor-element-af091d4 elementor-button-info elementor-align-left elementor-widget elementor-widget-button\" data-id=\"af091d4\" data-element_type=\"widget\" data-e-type=\"widget\" data-widget_type=\"button.default\">\n\t\t\t\t<div class=\"elementor-widget-container\">\n\t\t\t\t\t\t\t\t\t<div class=\"elementor-button-wrapper\">\n\t\t\t\t\t<a class=\"elementor-button elementor-button-link elementor-size-xs\" href=\"#elementor-action%3Aaction%3Dpopup%3Aopen%26settings%3DeyJpZCI6IjE0ODYiLCJ0b2dnbGUiOmZhbHNlfQ%3D%3D\" id=\"Password Help\">\n\t\t\t\t\t\t<span class=\"elementor-button-content-wrapper\">\n\t\t\t\t\t\t\t\t\t<span class=\"elementor-button-text\">Aide sur les mots de passe<\/span>\n\t\t\t\t\t<\/span>\n\t\t\t\t\t<\/a>\n\t\t\t\t<\/div>\n\t\t\t\t\t\t\t\t<\/div>\n\t\t\t\t<\/div>\n\t\t\t\t\t<\/div>\n\t\t<\/div>\n\t\t\t\t\t<\/div>\n\t\t<\/section>\n\t\t\t\t\t<\/div>\n\t\t<\/div>\n\t\t\t\t\t<\/div>\n\t\t<\/section>\n\t\t\t\t<section class=\"elementor-section elementor-top-section elementor-element elementor-element-a026ef6 elementor-section-boxed elementor-section-height-default elementor-section-height-default\" data-id=\"a026ef6\" data-element_type=\"section\" data-e-type=\"section\">\n\t\t\t\t\t\t<div class=\"elementor-container elementor-column-gap-default\">\n\t\t\t\t\t<div class=\"elementor-column elementor-col-100 elementor-top-column elementor-element elementor-element-6f90c0d\" data-id=\"6f90c0d\" data-element_type=\"column\" data-e-type=\"column\">\n\t\t\t<div class=\"elementor-widget-wrap\">\n\t\t\t\t\t\t\t<\/div>\n\t\t<\/div>\n\t\t\t\t\t<\/div>\n\t\t<\/section>\n\t\t\t\t<\/div>\n\t\t\t\t<\/div>\n\t\t\t\t\t\t<\/div>\n\t\t\t\t<\/div>\n\t\t\t\t\t<\/div>\n\t\t<\/div>\n\t\t\t\t\t<\/div>\n\t\t<\/section>\n\t\t\t\t<\/div>","protected":false},"excerpt":{"rendered":"<p>CHARACTERISTICS OFMARIANIST EDUCATION The General Chapter of the Society of Mary of 1991 called for a contemporary articulation of the common elements of the Marianist educational tradition. To this end, serious research, consultation, and discussion were undertaken involving lay and religious educators who work in Marianist educational institutions throughout the world. The process was guided [&hellip;]<\/p>\n","protected":false},"author":1,"featured_media":0,"parent":1630,"menu_order":0,"comment_status":"closed","ping_status":"closed","template":"elementor_header_footer","meta":{"site-sidebar-layout":"no-sidebar","site-content-layout":"page-builder","ast-site-content-layout":"default","site-content-style":"default","site-sidebar-style":"default","ast-global-header-display":"","ast-banner-title-visibility":"","ast-main-header-display":"","ast-hfb-above-header-display":"","ast-hfb-below-header-display":"","ast-hfb-mobile-header-display":"","site-post-title":"disabled","ast-breadcrumbs-content":"","ast-featured-img":"disabled","footer-sml-layout":"","ast-disable-related-posts":"","theme-transparent-header-meta":"default","adv-header-id-meta":"","stick-header-meta":"","header-above-stick-meta":"","header-main-stick-meta":"","header-below-stick-meta":"","astra-migrate-meta-layouts":"default","ast-page-background-enabled":"default","ast-page-background-meta":{"desktop":{"background-color":"","background-image":"","background-repeat":"repeat","background-position":"center center","background-size":"auto","background-attachment":"scroll","background-type":"","background-media":"","overlay-type":"","overlay-color":"","overlay-opacity":"","overlay-gradient":""},"tablet":{"background-color":"","background-image":"","background-repeat":"repeat","background-position":"center center","background-size":"auto","background-attachment":"scroll","background-type":"","background-media":"","overlay-type":"","overlay-color":"","overlay-opacity":"","overlay-gradient":""},"mobile":{"background-color":"","background-image":"","background-repeat":"repeat","background-position":"center center","background-size":"auto","background-attachment":"scroll","background-type":"","background-media":"","overlay-type":"","overlay-color":"","overlay-opacity":"","overlay-gradient":""}},"ast-content-background-meta":{"desktop":{"background-color":"var(--ast-global-color-5)","background-image":"","background-repeat":"repeat","background-position":"center center","background-size":"auto","background-attachment":"scroll","background-type":"","background-media":"","overlay-type":"","overlay-color":"","overlay-opacity":"","overlay-gradient":""},"tablet":{"background-color":"var(--ast-global-color-5)","background-image":"","background-repeat":"repeat","background-position":"center center","background-size":"auto","background-attachment":"scroll","background-type":"","background-media":"","overlay-type":"","overlay-color":"","overlay-opacity":"","overlay-gradient":""},"mobile":{"background-color":"var(--ast-global-color-5)","background-image":"","background-repeat":"repeat","background-position":"center center","background-size":"auto","background-attachment":"scroll","background-type":"","background-media":"","overlay-type":"","overlay-color":"","overlay-opacity":"","overlay-gradient":""}},"footnotes":""},"class_list":["post-1759","page","type-page","status-publish","hentry"],"ams_acf":[],"_links":{"self":[{"href":"https:\/\/marianist.org\/fr\/wp-json\/wp\/v2\/pages\/1759","targetHints":{"allow":["GET"]}}],"collection":[{"href":"https:\/\/marianist.org\/fr\/wp-json\/wp\/v2\/pages"}],"about":[{"href":"https:\/\/marianist.org\/fr\/wp-json\/wp\/v2\/types\/page"}],"author":[{"embeddable":true,"href":"https:\/\/marianist.org\/fr\/wp-json\/wp\/v2\/users\/1"}],"replies":[{"embeddable":true,"href":"https:\/\/marianist.org\/fr\/wp-json\/wp\/v2\/comments?post=1759"}],"version-history":[{"count":0,"href":"https:\/\/marianist.org\/fr\/wp-json\/wp\/v2\/pages\/1759\/revisions"}],"up":[{"embeddable":true,"href":"https:\/\/marianist.org\/fr\/wp-json\/wp\/v2\/pages\/1630"}],"wp:attachment":[{"href":"https:\/\/marianist.org\/fr\/wp-json\/wp\/v2\/media?parent=1759"}],"curies":[{"name":"wp","href":"https:\/\/api.w.org\/{rel}","templated":true}]}}