{"id":8712,"date":"2025-02-26T14:20:50","date_gmt":"2025-02-26T14:20:50","guid":{"rendered":"https:\/\/marianist.org\/?page_id=8712"},"modified":"2025-02-26T14:23:44","modified_gmt":"2025-02-26T14:23:44","slug":"centers-marianist-formation","status":"publish","type":"page","link":"https:\/\/marianist.org\/es\/elementor-761\/centers-marianist-formation\/","title":{"rendered":"Centers of Marianist Formation"},"content":{"rendered":"<div data-elementor-type=\"wp-page\" data-elementor-id=\"8712\" class=\"elementor elementor-8712\" data-elementor-post-type=\"page\">\n\t\t\t\t\t\t<section class=\"elementor-section elementor-top-section elementor-element elementor-element-27e0b915 elementor-section-boxed elementor-section-height-default elementor-section-height-default\" data-id=\"27e0b915\" data-element_type=\"section\" data-e-type=\"section\">\n\t\t\t\t\t\t<div class=\"elementor-container elementor-column-gap-default\">\n\t\t\t\t\t<div class=\"elementor-column elementor-col-100 elementor-top-column elementor-element elementor-element-1bfe05cd\" data-id=\"1bfe05cd\" data-element_type=\"column\" data-e-type=\"column\">\n\t\t\t<div class=\"elementor-widget-wrap elementor-element-populated\">\n\t\t\t\t\t\t<div class=\"elementor-element elementor-element-779d62c6 elementor-widget elementor-widget-text-editor\" data-id=\"779d62c6\" data-element_type=\"widget\" data-e-type=\"widget\" data-widget_type=\"text-editor.default\">\n\t\t\t\t<div class=\"elementor-widget-container\">\n\t\t\t\t\t\t\t\t\t<h2>CENTERS OF MARIANIST FORMATION<\/h2><p>La Alianza Marial, una de las ramas de la Familia Marianista, toma sus or\u00edgenes y sus instituciones de la experiencia vivida por los sodalistas de Burdeos y Agen.<\/p><p>- En Burdeos con el estado religioso del mundo, fundada por el Padre Chaminade. Estos sodalistas o fieles laicos, dispersos en la sociedad, profesaron votos religiosos privados y observaron una regla de vida, escrita por el Padre Chaminade. Bajo la Restauraci\u00f3n en Francia despu\u00e9s de Napole\u00f3n, esta experiencia pudo desarrollarse clara y libremente, acerc\u00e1ndose mucho a lo que son hoy los Institutos Seculares.<\/p><p>- En Agen con la secular Tercera Orden de las Hijas de Mar\u00eda fundada por la Madre Adele de Batz de Trenquell\u00e9on. Esta Orden estaba formada por fervientes sodalistas que prestaban verdaderos servicios. Extendieron, en la ciudad de Agen, la actividad de las religiosas, que estaban limitadas por el voto de clausura.<\/p><p>En la familia marianista, esta vocaci\u00f3n espec\u00edfica reapareci\u00f3 con la Alianza Marial hacia 1960. El Instituto re\u00fane a mujeres c\u00e9libes o viudas que profesan los votos de pobreza, castidad y obediencia. Como laicas consagradas, viven sus compromisos en el mundo en alianza con Mar\u00eda. No viven en comunidad, sino que mantienen una variedad de lazos fraternales y tienen encuentros peri\u00f3dicos juntos.<\/p><p>Los estatutos de la Alianza Marial fueron reconocidos en 1995 por el Obispo de La Rochelle y Saintes, Francia. Actualmente, la Alianza Marial est\u00e1 tomando las medidas necesarias para ser reconocida como un Instituto Secular.<\/p><p>Cuenta m\u00e1s que 50 con miembros presentes en Francia, B\u00e9lgica, Suiza, Canad\u00e1, Chile, Ecuador, Per\u00fa, Costa de Marfil, Togo, los dos Congos y Jap\u00f3n.<\/p><p>PARA M\u00c1S INFORMACI\u00d3N<\/p><p>Responsible g\u00e9n\u00e9rale: resp.gen@alliancemariale.org<\/p>\t\t\t\t\t\t\t\t<\/div>\n\t\t\t\t<\/div>\n\t\t\t\t\t<\/div>\n\t\t<\/div>\n\t\t\t\t\t<\/div>\n\t\t<\/section>\n\t\t\t\t<\/div>","protected":false},"excerpt":{"rendered":"<p>CENTERS OF MARIANIST FORMATION The Alliance Mariale, one of the branches of the Marianist Family, takes its origins and its institutions from the experience lived by the sodalists of Bordeaux and Agen. \u2013 In Bordeaux with the religious state in the world, founded by Father Chaminade. These sodalists or lay faithful, dispersed in society, professed [&hellip;]<\/p>\n","protected":false},"author":1,"featured_media":0,"parent":761,"menu_order":0,"comment_status":"closed","ping_status":"closed","template":"","meta":{"site-sidebar-layout":"no-sidebar","site-content-layout":"page-builder","ast-site-content-layout":"default","site-content-style":"default","site-sidebar-style":"default","ast-global-header-display":"","ast-banner-title-visibility":"","ast-main-header-display":"","ast-hfb-above-header-display":"","ast-hfb-below-header-display":"","ast-hfb-mobile-header-display":"","site-post-title":"disabled","ast-breadcrumbs-content":"","ast-featured-img":"disabled","footer-sml-layout":"","ast-disable-related-posts":"","theme-transparent-header-meta":"default","adv-header-id-meta":"","stick-header-meta":"","header-above-stick-meta":"","header-main-stick-meta":"","header-below-stick-meta":"","astra-migrate-meta-layouts":"default","ast-page-background-enabled":"default","ast-page-background-meta":{"desktop":{"background-color":"","background-image":"","background-repeat":"repeat","background-position":"center center","background-size":"auto","background-attachment":"scroll","background-type":"","background-media":"","overlay-type":"","overlay-color":"","overlay-opacity":"","overlay-gradient":""},"tablet":{"background-color":"","background-image":"","background-repeat":"repeat","background-position":"center center","background-size":"auto","background-attachment":"scroll","background-type":"","background-media":"","overlay-type":"","overlay-color":"","overlay-opacity":"","overlay-gradient":""},"mobile":{"background-color":"","background-image":"","background-repeat":"repeat","background-position":"center center","background-size":"auto","background-attachment":"scroll","background-type":"","background-media":"","overlay-type":"","overlay-color":"","overlay-opacity":"","overlay-gradient":""}},"ast-content-background-meta":{"desktop":{"background-color":"var(--ast-global-color-5)","background-image":"","background-repeat":"repeat","background-position":"center center","background-size":"auto","background-attachment":"scroll","background-type":"","background-media":"","overlay-type":"","overlay-color":"","overlay-opacity":"","overlay-gradient":""},"tablet":{"background-color":"var(--ast-global-color-5)","background-image":"","background-repeat":"repeat","background-position":"center center","background-size":"auto","background-attachment":"scroll","background-type":"","background-media":"","overlay-type":"","overlay-color":"","overlay-opacity":"","overlay-gradient":""},"mobile":{"background-color":"var(--ast-global-color-5)","background-image":"","background-repeat":"repeat","background-position":"center center","background-size":"auto","background-attachment":"scroll","background-type":"","background-media":"","overlay-type":"","overlay-color":"","overlay-opacity":"","overlay-gradient":""}},"footnotes":""},"class_list":["post-8712","page","type-page","status-publish","hentry"],"ams_acf":[],"_links":{"self":[{"href":"https:\/\/marianist.org\/es\/wp-json\/wp\/v2\/pages\/8712","targetHints":{"allow":["GET"]}}],"collection":[{"href":"https:\/\/marianist.org\/es\/wp-json\/wp\/v2\/pages"}],"about":[{"href":"https:\/\/marianist.org\/es\/wp-json\/wp\/v2\/types\/page"}],"author":[{"embeddable":true,"href":"https:\/\/marianist.org\/es\/wp-json\/wp\/v2\/users\/1"}],"replies":[{"embeddable":true,"href":"https:\/\/marianist.org\/es\/wp-json\/wp\/v2\/comments?post=8712"}],"version-history":[{"count":4,"href":"https:\/\/marianist.org\/es\/wp-json\/wp\/v2\/pages\/8712\/revisions"}],"predecessor-version":[{"id":8716,"href":"https:\/\/marianist.org\/es\/wp-json\/wp\/v2\/pages\/8712\/revisions\/8716"}],"up":[{"embeddable":true,"href":"https:\/\/marianist.org\/es\/wp-json\/wp\/v2\/pages\/761"}],"wp:attachment":[{"href":"https:\/\/marianist.org\/es\/wp-json\/wp\/v2\/media?parent=8712"}],"curies":[{"name":"wp","href":"https:\/\/api.w.org\/{rel}","templated":true}]}}