{"id":6863,"date":"2023-02-17T16:45:17","date_gmt":"2023-02-17T16:45:17","guid":{"rendered":"https:\/\/marianist.org\/?page_id=6863"},"modified":"2024-01-31T23:20:52","modified_gmt":"2024-01-31T23:20:52","slug":"genchap2024","status":"publish","type":"page","link":"https:\/\/marianist.org\/es\/elementor-761\/society-of-mary-sm\/sm-about\/genchap2024\/","title":{"rendered":"XXXVI General Chapter &#8211; 2024"},"content":{"rendered":"<div data-elementor-type=\"wp-page\" data-elementor-id=\"6863\" class=\"elementor elementor-6863\" data-elementor-post-type=\"page\">\n\t\t\t\t\t\t<section class=\"elementor-section elementor-top-section elementor-element elementor-element-54e06ec elementor-section-boxed elementor-section-height-default elementor-section-height-default\" data-id=\"54e06ec\" data-element_type=\"section\" data-e-type=\"section\">\n\t\t\t\t\t\t<div class=\"elementor-container elementor-column-gap-default\">\n\t\t\t\t\t<div class=\"elementor-column elementor-col-100 elementor-top-column elementor-element elementor-element-76eea80\" data-id=\"76eea80\" data-element_type=\"column\" data-e-type=\"column\">\n\t\t\t<div class=\"elementor-widget-wrap elementor-element-populated\">\n\t\t\t\t\t\t<div class=\"elementor-element elementor-element-81796cf elementor-widget elementor-widget-heading\" data-id=\"81796cf\" data-element_type=\"widget\" data-e-type=\"widget\" data-widget_type=\"heading.default\">\n\t\t\t\t<div class=\"elementor-widget-container\">\n\t\t\t\t\t<h2 class=\"elementor-heading-title elementor-size-default\">XXXVI Cap\u00edtulo General - 2024<\/h2>\t\t\t\t<\/div>\n\t\t\t\t<\/div>\n\t\t\t\t\t<\/div>\n\t\t<\/div>\n\t\t\t\t\t<\/div>\n\t\t<\/section>\n\t\t\t\t<section class=\"elementor-section elementor-top-section elementor-element elementor-element-cfa4af6 elementor-section-boxed elementor-section-height-default elementor-section-height-default\" data-id=\"cfa4af6\" data-element_type=\"section\" data-e-type=\"section\">\n\t\t\t\t\t\t<div class=\"elementor-container elementor-column-gap-default\">\n\t\t\t\t\t<div class=\"elementor-column elementor-col-100 elementor-top-column elementor-element elementor-element-0f0414c\" data-id=\"0f0414c\" data-element_type=\"column\" data-e-type=\"column\">\n\t\t\t<div class=\"elementor-widget-wrap elementor-element-populated\">\n\t\t\t\t\t\t<section class=\"elementor-section elementor-inner-section elementor-element elementor-element-11233d4 elementor-section-boxed elementor-section-height-default elementor-section-height-default\" data-id=\"11233d4\" data-element_type=\"section\" data-e-type=\"section\">\n\t\t\t\t\t\t<div class=\"elementor-container elementor-column-gap-default\">\n\t\t\t\t\t<div class=\"elementor-column elementor-col-50 elementor-inner-column elementor-element elementor-element-3db4905\" data-id=\"3db4905\" data-element_type=\"column\" data-e-type=\"column\">\n\t\t\t<div class=\"elementor-widget-wrap elementor-element-populated\">\n\t\t\t\t\t\t<div class=\"elementor-element elementor-element-5f8f67e elementor-widget elementor-widget-text-editor\" data-id=\"5f8f67e\" data-element_type=\"widget\" data-e-type=\"widget\" data-widget_type=\"text-editor.default\">\n\t\t\t\t<div class=\"elementor-widget-container\">\n\t\t\t\t\t\t\t\t\t<p><strong>PREPARACI\u00d3N DEL XXXVI CAP\u00cdTULO GENERAL - Julio de 2024<\/strong><\/p><p>La Asamblea General de L\u00edderes, celebrada en julio de 2022, determin\u00f3 que el tema del XXXVI Cap\u00edtulo General ser\u00e1 <em>Pastoral con y para los j\u00f3venes en el contexto de la Familia Marianista<\/em>.  Como parte del proceso preparatorio, el GLA tambi\u00e9n decidi\u00f3 proceder de forma \"sinodal\", pidiendo la participaci\u00f3n activa de todos los miembros de la SM, de sus colaboradores en la pastoral juvenil e incluso de los propios j\u00f3venes.<\/p><p>En previsi\u00f3n de una respuesta entusiasta a este llamamiento, ofrecemos aqu\u00ed recursos que pueden ser \u00fatiles a lo largo del camino. \u00a0<\/p>\t\t\t\t\t\t\t\t<\/div>\n\t\t\t\t<\/div>\n\t\t\t\t<div class=\"elementor-element elementor-element-79471da elementor-widget elementor-widget-text-editor\" data-id=\"79471da\" data-element_type=\"widget\" data-e-type=\"widget\" data-no-translation=\"\" data-widget_type=\"text-editor.default\">\n\t\t\t\t<div class=\"elementor-widget-container\">\n\t\t\t\t\t<style>.elementor-element-79471da{display:none !important}<\/style>\t\t\t\t<\/div>\n\t\t\t\t<\/div>\n\t\t\t\t<div class=\"elementor-element elementor-element-7c960ee elementor-widget elementor-widget-text-editor\" data-id=\"7c960ee\" data-element_type=\"widget\" data-e-type=\"widget\" data-no-translation=\"\" data-widget_type=\"text-editor.default\">\n\t\t\t\t<div class=\"elementor-widget-container\">\n\t\t\t\t\t\t\t\t\t<ul><li style=\"list-style-type: none;\"><ul><li style=\"font-size: 16px;\"><span style=\"font-size: 16px; font-weight: bold;\">Oraci\u00f3n para el XXXVI Cap\u00edtulo General<\/span><br \/><span style=\"font-size: 16px; font-weight: bold;\"><em style=\"font-size: 16px;\">Formato A4<\/em><\/span>\u00a0 \u00a0<a style=\"font-size: 16px;\" href=\"https:\/\/marianist.org\/PDFs\/GenChapXXXVI\/GenChPrayer-ENG-A4.pdf\">ENG<\/a>\u00a0\u2013\u00a0<a style=\"font-size: 16px;\" href=\"https:\/\/marianist.org\/PDFs\/GenChapXXXVI\/GenChPrayer-SPN-A4.pdf\">ESP<\/a>\u00a0\u2013\u00a0<a style=\"font-size: 16px;\" href=\"https:\/\/marianist.org\/PDFs\/GenChapXXXVI\/GenChPrayer-FRA-A4.pdf\">FR<\/a>\u00a0\u2013 IT \u2013 JA \u2013 KO \u2013 PORT<br \/><span style=\"font-size: 16px; font-weight: bold;\"><em style=\"font-size: 16px;\">Formato &#8220;Letter&#8221;<\/em><\/span>\u00a0 \u00a0<a style=\"font-size: 16px;\" href=\"https:\/\/marianist.org\/PDFs\/GenChapXXXVI\/GenChPrayer-ENG-LTR.pdf\">ENG<\/a>\u00a0\u2013\u00a0<a style=\"font-size: 16px;\" href=\"https:\/\/marianist.org\/PDFs\/GenChapXXXVI\/GenChPrayer-SPN-LTR.pdf\">ESP<\/a>\u00a0\u2013\u00a0<a style=\"font-size: 16px;\" href=\"https:\/\/marianist.org\/PDFs\/GenChapXXXVI\/GenChPrayer-FRA-LTR.pdf\">FR<\/a>\u00a0\u2013 IT \u2013 JA \u2013 KO \u2013 PORT<\/li><li style=\"font-size: 16px;\"><span style=\"font-size: 16px; font-weight: bold;\">Documento del Consejo General sobre el proceso sinodal<\/span>\u00a0y pedir aportaciones a los miembros de la SM y a sus colaboradores en la pastoral juvenil:<br \/><p style=\"font-size: 16px;\"><a style=\"font-size: 16px;\" href=\"https:\/\/marianist.org\/PDFs\/GenChapXXXVI\/Prep-XXXVIChap_2023%2001.Eng.pdf\">ENG<\/a>\u00a0\u2013\u00a0<a style=\"font-size: 16px;\" href=\"https:\/\/marianist.org\/PDFs\/GenChapXXXVI\/Prep-XXXVIChap_2023%2001.Esp.pdf\">ESP<\/a>\u00a0\u2013\u00a0<a style=\"font-size: 16px;\" href=\"https:\/\/marianist.org\/PDFs\/GenChapXXXVI\/Prep-XXXVIChap_2023%2001.Fr.pdf\">FR<\/a><\/p><\/li><\/ul><\/li><\/ul><p style=\"font-size: 16px; font-style: normal; font-weight: 400;\"><a style=\"font-size: 16px;\" href=\"https:\/\/marianist.org\/es\/elementor-761\/sm-portal-page\/\"><span style=\"font-size: 16px; font-weight: bold;\"><em style=\"font-size: 16px;\">PORTAL PARA MIEMBROS DE LA SM<\/em><\/span><\/a>\u00a0(Inicio de sesi\u00f3n obligatorio)<\/p><p style=\"font-size: 16px; font-style: normal; font-weight: 400;\"><a style=\"font-size: 16px;\" href=\"https:\/\/marianist.org\/private-chapter-members-only-es\/\"><em style=\"font-size: 16px;\"><span style=\"font-size: 16px; font-weight: bold;\">PORTAL DE CAPITULANTES<\/span><\/em><\/a>\u00a0(Contrase\u00f1a obligatoria)<\/p>\t\t\t\t\t\t\t\t<\/div>\n\t\t\t\t<\/div>\n\t\t\t\t<div class=\"elementor-element elementor-element-f028eb3 elementor-widget elementor-widget-text-editor\" data-id=\"f028eb3\" data-element_type=\"widget\" data-e-type=\"widget\" data-no-translation=\"\" data-widget_type=\"text-editor.default\">\n\t\t\t\t<div class=\"elementor-widget-container\">\n\t\t\t\t\t<style>.elementor-element-f028eb3{display:none !important}<\/style>\t\t\t\t<\/div>\n\t\t\t\t<\/div>\n\t\t\t\t\t<\/div>\n\t\t<\/div>\n\t\t\t\t<div class=\"elementor-column elementor-col-50 elementor-inner-column elementor-element elementor-element-abbe195\" data-id=\"abbe195\" data-element_type=\"column\" data-e-type=\"column\">\n\t\t\t<div class=\"elementor-widget-wrap elementor-element-populated\">\n\t\t\t\t\t\t<div class=\"elementor-element elementor-element-4031d64 elementor-widget elementor-widget-image\" data-id=\"4031d64\" data-element_type=\"widget\" data-e-type=\"widget\" data-no-translation=\"\" data-widget_type=\"image.default\">\n\t\t\t\t<div class=\"elementor-widget-container\">\n\t\t\t\t\t<style>.elementor-element-4031d64{display:none !important}<\/style>\t\t\t\t<\/div>\n\t\t\t\t<\/div>\n\t\t\t\t<div class=\"elementor-element elementor-element-5868c2a elementor-widget elementor-widget-image\" data-id=\"5868c2a\" data-element_type=\"widget\" data-e-type=\"widget\" data-no-translation=\"\" data-widget_type=\"image.default\">\n\t\t\t\t<div class=\"elementor-widget-container\">\n\t\t\t\t\t\t\t\t\t\t\t\t\t\t\t<img fetchpriority=\"high\" decoding=\"async\" width=\"821\" height=\"1024\" src=\"https:\/\/marianist.org\/wp-content\/uploads\/2024\/01\/36CG_logotipo-color-ES-ID-37259-821x1024.png\" class=\"attachment-large size-large wp-image-7573\" alt=\"\" srcset=\"https:\/\/marianist.org\/wp-content\/uploads\/2024\/01\/36CG_logotipo-color-ES-ID-37259-821x1024.png 821w, https:\/\/marianist.org\/wp-content\/uploads\/2024\/01\/36CG_logotipo-color-ES-ID-37259-240x300.png 240w, https:\/\/marianist.org\/wp-content\/uploads\/2024\/01\/36CG_logotipo-color-ES-ID-37259-768x958.png 768w, https:\/\/marianist.org\/wp-content\/uploads\/2024\/01\/36CG_logotipo-color-ES-ID-37259-1231x1536.png 1231w, https:\/\/marianist.org\/wp-content\/uploads\/2024\/01\/36CG_logotipo-color-ES-ID-37259-10x12.png 10w, https:\/\/marianist.org\/wp-content\/uploads\/2024\/01\/36CG_logotipo-color-ES-ID-37259.png 1498w\" sizes=\"(max-width: 821px) 100vw, 821px\" \/>\t\t\t\t\t\t\t\t\t\t\t\t\t\t\t<\/div>\n\t\t\t\t<\/div>\n\t\t\t\t<div class=\"elementor-element elementor-element-018d67c elementor-widget elementor-widget-image\" data-id=\"018d67c\" data-element_type=\"widget\" data-e-type=\"widget\" data-no-translation=\"\" data-widget_type=\"image.default\">\n\t\t\t\t<div class=\"elementor-widget-container\">\n\t\t\t\t\t<style>.elementor-element-018d67c{display:none !important}<\/style>\t\t\t\t<\/div>\n\t\t\t\t<\/div>\n\t\t\t\t\t<\/div>\n\t\t<\/div>\n\t\t\t\t\t<\/div>\n\t\t<\/section>\n\t\t\t\t\t<\/div>\n\t\t<\/div>\n\t\t\t\t\t<\/div>\n\t\t<\/section>\n\t\t\t\t<\/div>","protected":false},"excerpt":{"rendered":"<p>XXXVI GEneral Chapter &#8211; 2024 PREPARATION OF THE XXXVI GENERAL CHAPTER &#8211; July 2024 The General Leadership Assembly, held in July 2022, determined that the theme of the XXXVI General Chapter will be Pastoral Ministry with and for youth in the context of the Marianist Family. \u00a0As part of the preparatory process, the GLA also [&hellip;]<\/p>\n","protected":false},"author":1,"featured_media":0,"parent":1120,"menu_order":0,"comment_status":"closed","ping_status":"closed","template":"","meta":{"site-sidebar-layout":"no-sidebar","site-content-layout":"page-builder","ast-site-content-layout":"default","site-content-style":"default","site-sidebar-style":"default","ast-global-header-display":"","ast-banner-title-visibility":"","ast-main-header-display":"","ast-hfb-above-header-display":"","ast-hfb-below-header-display":"","ast-hfb-mobile-header-display":"","site-post-title":"disabled","ast-breadcrumbs-content":"","ast-featured-img":"disabled","footer-sml-layout":"","ast-disable-related-posts":"","theme-transparent-header-meta":"default","adv-header-id-meta":"","stick-header-meta":"","header-above-stick-meta":"","header-main-stick-meta":"","header-below-stick-meta":"","astra-migrate-meta-layouts":"default","ast-page-background-enabled":"default","ast-page-background-meta":{"desktop":{"background-color":"","background-image":"","background-repeat":"repeat","background-position":"center center","background-size":"auto","background-attachment":"scroll","background-type":"","background-media":"","overlay-type":"","overlay-color":"","overlay-opacity":"","overlay-gradient":""},"tablet":{"background-color":"","background-image":"","background-repeat":"repeat","background-position":"center center","background-size":"auto","background-attachment":"scroll","background-type":"","background-media":"","overlay-type":"","overlay-color":"","overlay-opacity":"","overlay-gradient":""},"mobile":{"background-color":"","background-image":"","background-repeat":"repeat","background-position":"center center","background-size":"auto","background-attachment":"scroll","background-type":"","background-media":"","overlay-type":"","overlay-color":"","overlay-opacity":"","overlay-gradient":""}},"ast-content-background-meta":{"desktop":{"background-color":"var(--ast-global-color-5)","background-image":"","background-repeat":"repeat","background-position":"center center","background-size":"auto","background-attachment":"scroll","background-type":"","background-media":"","overlay-type":"","overlay-color":"","overlay-opacity":"","overlay-gradient":""},"tablet":{"background-color":"var(--ast-global-color-5)","background-image":"","background-repeat":"repeat","background-position":"center center","background-size":"auto","background-attachment":"scroll","background-type":"","background-media":"","overlay-type":"","overlay-color":"","overlay-opacity":"","overlay-gradient":""},"mobile":{"background-color":"var(--ast-global-color-5)","background-image":"","background-repeat":"repeat","background-position":"center center","background-size":"auto","background-attachment":"scroll","background-type":"","background-media":"","overlay-type":"","overlay-color":"","overlay-opacity":"","overlay-gradient":""}},"footnotes":""},"class_list":["post-6863","page","type-page","status-publish","hentry"],"ams_acf":[],"_links":{"self":[{"href":"https:\/\/marianist.org\/es\/wp-json\/wp\/v2\/pages\/6863","targetHints":{"allow":["GET"]}}],"collection":[{"href":"https:\/\/marianist.org\/es\/wp-json\/wp\/v2\/pages"}],"about":[{"href":"https:\/\/marianist.org\/es\/wp-json\/wp\/v2\/types\/page"}],"author":[{"embeddable":true,"href":"https:\/\/marianist.org\/es\/wp-json\/wp\/v2\/users\/1"}],"replies":[{"embeddable":true,"href":"https:\/\/marianist.org\/es\/wp-json\/wp\/v2\/comments?post=6863"}],"version-history":[{"count":71,"href":"https:\/\/marianist.org\/es\/wp-json\/wp\/v2\/pages\/6863\/revisions"}],"predecessor-version":[{"id":8308,"href":"https:\/\/marianist.org\/es\/wp-json\/wp\/v2\/pages\/6863\/revisions\/8308"}],"up":[{"embeddable":true,"href":"https:\/\/marianist.org\/es\/wp-json\/wp\/v2\/pages\/1120"}],"wp:attachment":[{"href":"https:\/\/marianist.org\/es\/wp-json\/wp\/v2\/media?parent=6863"}],"curies":[{"name":"wp","href":"https:\/\/api.w.org\/{rel}","templated":true}]}}