{"id":2133,"date":"2020-11-30T11:17:56","date_gmt":"2020-11-30T11:17:56","guid":{"rendered":"https:\/\/marianist.org\/?page_id=2133"},"modified":"2020-12-02T14:33:41","modified_gmt":"2020-12-02T14:33:41","slug":"sm-vocations","status":"publish","type":"page","link":"https:\/\/marianist.org\/es\/elementor-761\/society-of-mary-sm\/sm-publications\/sm-vocations\/","title":{"rendered":"SM-Vocations"},"content":{"rendered":"<div data-elementor-type=\"wp-page\" data-elementor-id=\"2133\" class=\"elementor elementor-2133\" data-elementor-post-type=\"page\">\n\t\t\t\t\t\t<section class=\"elementor-section elementor-top-section elementor-element elementor-element-35ec619 elementor-section-full_width elementor-section-height-default elementor-section-height-default\" data-id=\"35ec619\" data-element_type=\"section\" data-e-type=\"section\" data-settings=\"{&quot;background_background&quot;:&quot;classic&quot;}\">\n\t\t\t\t\t\t<div class=\"elementor-container elementor-column-gap-default\">\n\t\t\t\t\t<div class=\"elementor-column elementor-col-100 elementor-top-column elementor-element elementor-element-6834a17\" data-id=\"6834a17\" data-element_type=\"column\" data-e-type=\"column\" data-settings=\"{&quot;background_background&quot;:&quot;classic&quot;}\">\n\t\t\t<div class=\"elementor-widget-wrap elementor-element-populated\">\n\t\t\t\t\t\t<div class=\"elementor-element elementor-element-84c623b elementor-nav-menu--dropdown-none elementor-widget__width-inherit elementor-widget elementor-widget-nav-menu\" data-id=\"84c623b\" data-element_type=\"widget\" data-e-type=\"widget\" data-settings=\"{&quot;layout&quot;:&quot;horizontal&quot;,&quot;submenu_icon&quot;:{&quot;value&quot;:&quot;&lt;i class=\\&quot;fas fa-caret-down\\&quot; aria-hidden=\\&quot;true\\&quot;&gt;&lt;\\\/i&gt;&quot;,&quot;library&quot;:&quot;fa-solid&quot;}}\" data-widget_type=\"nav-menu.default\">\n\t\t\t\t<div class=\"elementor-widget-container\">\n\t\t\t\t\t\t\t\t<nav aria-label=\"Men\u00fa\" class=\"elementor-nav-menu--main elementor-nav-menu__container elementor-nav-menu--layout-horizontal e--pointer-background e--animation-fade\">\n\t\t\t\t<ul id=\"menu-1-84c623b\" class=\"elementor-nav-menu\"><li class=\"menu-item menu-item-type-post_type menu-item-object-page menu-item-home menu-item-866\"><a href=\"https:\/\/marianist.org\/es\/\" class=\"elementor-item menu-link\">Home<\/a><\/li>\n<li class=\"menu-item menu-item-type-post_type menu-item-object-page menu-item-964\"><a href=\"https:\/\/marianist.org\/es\/elementor-761\/society-of-mary-sm\/\" class=\"elementor-item menu-link\">Compa\u00f1\u00eda de Mar\u00eda (SM)<\/a><\/li>\n<li class=\"menu-item menu-item-type-custom menu-item-object-custom menu-item-has-children menu-item-982\"><a role=\"button\" aria-expanded=\"false\" class=\"elementor-item menu-link\">de la Familia Marianista<\/a>\n<ul class=\"sub-menu elementor-nav-menu--dropdown\">\n\t<li class=\"menu-item menu-item-type-post_type menu-item-object-page menu-item-987\"><a href=\"https:\/\/marianist.org\/es\/elementor-761\/world-council\/\" class=\"elementor-sub-item menu-link\">Consejo Mundial<\/a><\/li>\n\t<li class=\"menu-item menu-item-type-post_type menu-item-object-page menu-item-867\"><a href=\"https:\/\/marianist.org\/es\/elementor-761\/alliance-mariale\/\" class=\"elementor-sub-item menu-link\">Alliance Mariale (AM)<\/a><\/li>\n\t<li class=\"menu-item menu-item-type-custom menu-item-object-custom menu-item-977\"><a href=\"https:\/\/www.fmi-adele.org\/en\/\" class=\"elementor-sub-item menu-link\">Hijas de Mar\u00eda Inmaculada (FMI)<\/a><\/li>\n\t<li class=\"menu-item menu-item-type-custom menu-item-object-custom menu-item-978\"><a href=\"http:\/\/www.clm-mlc.org\/\" class=\"elementor-sub-item menu-link\">Comunidades Laicas Marianistas (CLM)<\/a><\/li>\n<\/ul>\n<\/li>\n<li class=\"menu-item menu-item-type-post_type menu-item-object-page menu-item-has-children menu-item-8825\"><a role=\"button\" aria-expanded=\"false\" href=\"https:\/\/marianist.org\/es\/elementor-761\/world-council\/who-we-are\/\" class=\"elementor-item menu-link\">Quienes somos<\/a>\n<ul class=\"sub-menu elementor-nav-menu--dropdown\">\n\t<li class=\"menu-item menu-item-type-post_type menu-item-object-page menu-item-8770\"><a href=\"https:\/\/marianist.org\/es\/elementor-761\/society-of-mary-sm\/sm-about\/sm-marianist-world-map\/\" class=\"elementor-sub-item menu-link\">SM &#8211; Interactive Marianist World Map<\/a><\/li>\n<\/ul>\n<\/li>\n<\/ul>\t\t\t<\/nav>\n\t\t\t\t\t\t<nav class=\"elementor-nav-menu--dropdown elementor-nav-menu__container\" aria-hidden=\"true\">\n\t\t\t\t<ul id=\"menu-2-84c623b\" class=\"elementor-nav-menu\"><li class=\"menu-item menu-item-type-post_type menu-item-object-page menu-item-home menu-item-866\"><a href=\"https:\/\/marianist.org\/es\/\" class=\"elementor-item menu-link\" tabindex=\"-1\">Home<\/a><\/li>\n<li class=\"menu-item menu-item-type-post_type menu-item-object-page menu-item-964\"><a href=\"https:\/\/marianist.org\/es\/elementor-761\/society-of-mary-sm\/\" class=\"elementor-item menu-link\" tabindex=\"-1\">Compa\u00f1\u00eda de Mar\u00eda (SM)<\/a><\/li>\n<li class=\"menu-item menu-item-type-custom menu-item-object-custom menu-item-has-children menu-item-982\"><a role=\"button\" aria-expanded=\"false\" class=\"elementor-item menu-link\" tabindex=\"-1\">de la Familia Marianista<\/a>\n<ul class=\"sub-menu elementor-nav-menu--dropdown\">\n\t<li class=\"menu-item menu-item-type-post_type menu-item-object-page menu-item-987\"><a href=\"https:\/\/marianist.org\/es\/elementor-761\/world-council\/\" class=\"elementor-sub-item menu-link\" tabindex=\"-1\">Consejo Mundial<\/a><\/li>\n\t<li class=\"menu-item menu-item-type-post_type menu-item-object-page menu-item-867\"><a href=\"https:\/\/marianist.org\/es\/elementor-761\/alliance-mariale\/\" class=\"elementor-sub-item menu-link\" tabindex=\"-1\">Alliance Mariale (AM)<\/a><\/li>\n\t<li class=\"menu-item menu-item-type-custom menu-item-object-custom menu-item-977\"><a href=\"https:\/\/www.fmi-adele.org\/en\/\" class=\"elementor-sub-item menu-link\" tabindex=\"-1\">Hijas de Mar\u00eda Inmaculada (FMI)<\/a><\/li>\n\t<li class=\"menu-item menu-item-type-custom menu-item-object-custom menu-item-978\"><a href=\"http:\/\/www.clm-mlc.org\/\" class=\"elementor-sub-item menu-link\" tabindex=\"-1\">Comunidades Laicas Marianistas (CLM)<\/a><\/li>\n<\/ul>\n<\/li>\n<li class=\"menu-item menu-item-type-post_type menu-item-object-page menu-item-has-children menu-item-8825\"><a role=\"button\" aria-expanded=\"false\" href=\"https:\/\/marianist.org\/es\/elementor-761\/world-council\/who-we-are\/\" class=\"elementor-item menu-link\" tabindex=\"-1\">Quienes somos<\/a>\n<ul class=\"sub-menu elementor-nav-menu--dropdown\">\n\t<li class=\"menu-item menu-item-type-post_type menu-item-object-page menu-item-8770\"><a href=\"https:\/\/marianist.org\/es\/elementor-761\/society-of-mary-sm\/sm-about\/sm-marianist-world-map\/\" class=\"elementor-sub-item menu-link\" tabindex=\"-1\">SM &#8211; Interactive Marianist World Map<\/a><\/li>\n<\/ul>\n<\/li>\n<\/ul>\t\t\t<\/nav>\n\t\t\t\t\t\t<\/div>\n\t\t\t\t<\/div>\n\t\t\t\t\t<\/div>\n\t\t<\/div>\n\t\t\t\t\t<\/div>\n\t\t<\/section>\n\t\t\t\t<section class=\"elementor-section elementor-top-section elementor-element elementor-element-d754811 elementor-section-boxed elementor-section-height-default elementor-section-height-default\" data-id=\"d754811\" data-element_type=\"section\" data-e-type=\"section\">\n\t\t\t\t\t\t<div class=\"elementor-container elementor-column-gap-default\">\n\t\t\t\t\t<div class=\"elementor-column elementor-col-100 elementor-top-column elementor-element elementor-element-d9dd946\" data-id=\"d9dd946\" data-element_type=\"column\" data-e-type=\"column\">\n\t\t\t<div class=\"elementor-widget-wrap elementor-element-populated\">\n\t\t\t\t\t\t<div class=\"elementor-element elementor-element-771b36f elementor-widget elementor-widget-heading\" data-id=\"771b36f\" data-element_type=\"widget\" data-e-type=\"widget\" data-widget_type=\"heading.default\">\n\t\t\t\t<div class=\"elementor-widget-container\">\n\t\t\t\t\t<h2 class=\"elementor-heading-title elementor-size-xl\">SM - Vocations<\/h2>\t\t\t\t<\/div>\n\t\t\t\t<\/div>\n\t\t\t\t\t<\/div>\n\t\t<\/div>\n\t\t\t\t\t<\/div>\n\t\t<\/section>\n\t\t\t\t<section class=\"elementor-section elementor-top-section elementor-element elementor-element-77ecff2 elementor-section-boxed elementor-section-height-default elementor-section-height-default\" data-id=\"77ecff2\" data-element_type=\"section\" data-e-type=\"section\">\n\t\t\t\t\t\t<div class=\"elementor-container elementor-column-gap-default\">\n\t\t\t\t\t<div class=\"elementor-column elementor-col-100 elementor-top-column elementor-element elementor-element-dfcfdf1\" data-id=\"dfcfdf1\" data-element_type=\"column\" data-e-type=\"column\">\n\t\t\t<div class=\"elementor-widget-wrap elementor-element-populated\">\n\t\t\t\t\t\t<div class=\"elementor-element elementor-element-e4f08a9 elementor-widget__width-initial elementor-absolute elementor-widget elementor-widget-image\" data-id=\"e4f08a9\" data-element_type=\"widget\" data-e-type=\"widget\" data-settings=\"{&quot;_position&quot;:&quot;absolute&quot;}\" data-widget_type=\"image.default\">\n\t\t\t\t<div class=\"elementor-widget-container\">\n\t\t\t\t\t\t\t\t\t\t\t\t\t\t\t<img decoding=\"async\" width=\"400\" height=\"95\" src=\"https:\/\/marianist.org\/wp-content\/uploads\/2020\/11\/VocSMLogo.jpg\" class=\"attachment-large size-large wp-image-2135\" alt=\"\" srcset=\"https:\/\/marianist.org\/wp-content\/uploads\/2020\/11\/VocSMLogo.jpg 400w, https:\/\/marianist.org\/wp-content\/uploads\/2020\/11\/VocSMLogo-300x71.jpg 300w, https:\/\/marianist.org\/wp-content\/uploads\/2020\/11\/VocSMLogo-16x4.jpg 16w\" sizes=\"(max-width: 400px) 100vw, 400px\" \/>\t\t\t\t\t\t\t\t\t\t\t\t\t\t\t<\/div>\n\t\t\t\t<\/div>\n\t\t\t\t\t<\/div>\n\t\t<\/div>\n\t\t\t\t\t<\/div>\n\t\t<\/section>\n\t\t\t\t<section class=\"elementor-section elementor-top-section elementor-element elementor-element-cc5159e elementor-section-boxed elementor-section-height-default elementor-section-height-default\" data-id=\"cc5159e\" data-element_type=\"section\" data-e-type=\"section\" data-no-translation=\"\">\n\t\t\t\t\t\t<div class=\"elementor-container elementor-column-gap-default\">\n\t\t\t\t\t<div class=\"elementor-column elementor-col-100 elementor-top-column elementor-element elementor-element-f75d48e\" data-id=\"f75d48e\" data-element_type=\"column\" data-e-type=\"column\">\n\t\t\t<div class=\"elementor-widget-wrap elementor-element-populated\">\n\t\t\t\t\t\t<div class=\"elementor-element elementor-element-fb24cf8 elementor-widget elementor-widget-text-editor\" data-id=\"fb24cf8\" data-element_type=\"widget\" data-e-type=\"widget\" data-widget_type=\"text-editor.default\">\n\t\t\t\t<div class=\"elementor-widget-container\">\n\t\t\t\t\t\t\t\t\t<h3 align=\"left\"><em>PROMOVER NUEVAS VOCACIONES<\/em><\/h3><ul><li>Una publicaci\u00f3n (PDF) del Asistente General de Vida Religiosa (2016)<a href=\"\/PDFs\/vocations\/fostering%20vocations-eng.pdf\">ENG<\/a>\u00a0\u00a0 \u00a0&#8211; \u00a0 \u00a0<a href=\"\/PDFs\/vocations\/promouvoir%20de%20nouvelles%20vocations-fr.pdf\">FR<\/a>\u00a0\u00a0 \u00a0&#8211; \u00a0 \u00a0<a href=\"\/PDFs\/vocations\/promover%20nuevas%20vocaciones-esp.pdf\">ESP<\/a><\/li><\/ul><h3><strong><strong><em>Voc<span style=\"color: #ff0000;\">SM<\/span><\/em> &#8211; Una publicaci\u00f3n vocacional de la Compa\u00f1\u00eda de Mar<\/strong><\/strong><strong><strong>\u00ed<\/strong><\/strong>a<\/h3><ul><li><strong><strong><strong><a href=\"\/PDFs\/vocations\/Vocsm16-ESP.pdf\">N\u00ba16<\/a><strong>\u00a0&#8211; abril 2019\u00a0<\/strong><\/strong><\/strong><\/strong><\/li><li><strong><strong><strong><a href=\"\/PDFs\/vocations\/Vocsm15.ES.pdf\">N\u00ba15<\/a><strong>\u00a0&#8211; mayo 2017\u00a0<\/strong><\/strong><\/strong><\/strong><\/li><li><strong><strong><strong><a href=\"\/PDFs\/vocations\/Vocsm14_ES.pdf \">N\u00ba14<\/a><strong><a href=\"\/PDFs\/vocations\/Vocsm14_ES.pdf \">\u00a0<\/a>&#8211; mayo 2016\u00a0<\/strong><\/strong><\/strong><\/strong><\/li><li><strong><strong><strong><a href=\"\/PDFs\/vocations\/Vocsm13_ES.pdf\">N\u00ba13<\/a><strong>\u00a0&#8211; diciembre 2015<\/strong><\/strong><\/strong><\/strong><\/li><li><strong><strong><strong><a href=\"\/PDFs\/vocations\/Vocsm12 ES.pdf\">N\u00ba1<span style=\"text-decoration: underline;\">2<\/span><\/a><strong>\u00a0&#8211; abril de 2014<\/strong><\/strong><\/strong><\/strong><\/li><li><strong><strong><a href=\"\/PDFs\/vocations\/Vocsm11 ES.pdf\">N\u00ba11<\/a><strong>\u00a0&#8211; julio de 2013<\/strong><\/strong><\/strong><\/li><li><strong><strong><a href=\"\/PDFs\/vocations\/Vocsm10 ES.pdf\">N\u00ba10<\/a><strong>\u00a0&#8211; mayo de 2012<\/strong><\/strong><\/strong><\/li><li><strong><a href=\"\/PDFs\/vocations\/Vocsm9 ES.pdf\">N\u00ba9<\/a><strong>\u00a0&#8211; febrero de 2012<\/strong><\/strong><\/li><li><strong><strong><a href=\"\/PDFs\/vocations\/Vocsm8 ES.pdf\">N\u00ba8<\/a><\/strong><strong>\u00a0&#8211; noviembre de 2011<\/strong><\/strong><\/li><li><strong><strong><a href=\"\/PDFs\/vocations\/Vocsm7 ES.pdf\">N\u00ba7<\/a><strong>\u00a0&#8211; julio de 2011<\/strong><\/strong><\/strong><\/li><li><strong><strong><a href=\"\/PDFs\/vocations\/Vocsm6 ES.pdf\">N\u00ba6<\/a><\/strong><strong>\u00a0&#8211; febrero de 2011<\/strong><\/strong><\/li><li><strong><strong><a href=\"\/PDFs\/vocations\/Vocsm5 ES.pdf\">N\u00ba5<\/a><\/strong><strong>\u00a0&#8211; noviembre de 2010<\/strong><\/strong><\/li><li><strong><strong><a href=\"\/PDFs\/vocations\/Vocsm4 ES.pdf\">N\u00ba4<\/a><\/strong><strong>\u00a0&#8211; junio de 2010<\/strong><\/strong><\/li><li><strong><a href=\"\/PDFs\/vocations\/Vocsm3 (Mar10)B - Sp.pdf\">N\u00ba3<\/a><\/strong><strong>\u00a0&#8211; marzo\u00a0de 2010<\/strong><\/li><li><strong><a href=\"\/PDFs\/vocations\/Vocsm2-ESP.pdf\">N\u00ba2<\/a>\u00a0&#8211; octubre\u00a0de 2009<\/strong><\/li><li><strong><a href=\"\/PDFs\/vocations\/Vocsm1-ESP.pdf\">N\u00ba1<\/a> &#8211; mayo de 2009<\/strong><\/li><\/ul><p>\u00a0<\/p>\t\t\t\t\t\t\t\t<\/div>\n\t\t\t\t<\/div>\n\t\t\t\t\t<\/div>\n\t\t<\/div>\n\t\t\t\t\t<\/div>\n\t\t<\/section>\n\t\t\t\t<section class=\"elementor-section elementor-top-section elementor-element elementor-element-2774604 elementor-section-boxed elementor-section-height-default elementor-section-height-default\" data-id=\"2774604\" data-element_type=\"section\" data-e-type=\"section\">\n\t\t\t\t\t\t<div class=\"elementor-container elementor-column-gap-default\">\n\t\t\t\t\t<div class=\"elementor-column elementor-col-100 elementor-top-column elementor-element elementor-element-7ecf19a\" data-id=\"7ecf19a\" data-element_type=\"column\" data-e-type=\"column\">\n\t\t\t<div class=\"elementor-widget-wrap elementor-element-populated\">\n\t\t\t\t\t\t<div class=\"elementor-element elementor-element-4b0bb62 elementor-widget elementor-widget-template\" data-id=\"4b0bb62\" data-element_type=\"widget\" data-e-type=\"widget\" data-widget_type=\"template.default\">\n\t\t\t\t<div class=\"elementor-widget-container\">\n\t\t\t\t\t\t\t<div class=\"elementor-template\">\n\t\t\t\t\t<div data-elementor-type=\"section\" data-elementor-id=\"1351\" class=\"elementor elementor-1351\" data-elementor-post-type=\"elementor_library\">\n\t\t\t\t\t<section class=\"elementor-section elementor-top-section elementor-element elementor-element-6626138 elementor-section-boxed elementor-section-height-default elementor-section-height-default\" data-id=\"6626138\" data-element_type=\"section\" data-e-type=\"section\">\n\t\t\t\t\t\t<div class=\"elementor-container elementor-column-gap-default\">\n\t\t\t\t\t<div class=\"elementor-column elementor-col-100 elementor-top-column elementor-element elementor-element-d8ba6f2\" data-id=\"d8ba6f2\" data-element_type=\"column\" data-e-type=\"column\">\n\t\t\t<div class=\"elementor-widget-wrap elementor-element-populated\">\n\t\t\t\t\t\t<section class=\"elementor-section elementor-inner-section elementor-element elementor-element-9d41fca elementor-section-boxed elementor-section-height-default elementor-section-height-default\" data-id=\"9d41fca\" data-element_type=\"section\" data-e-type=\"section\">\n\t\t\t\t\t\t<div class=\"elementor-container elementor-column-gap-default\">\n\t\t\t\t\t<div class=\"elementor-column elementor-col-100 elementor-inner-column elementor-element elementor-element-3e53fd9\" data-id=\"3e53fd9\" data-element_type=\"column\" data-e-type=\"column\">\n\t\t\t<div class=\"elementor-widget-wrap elementor-element-populated\">\n\t\t\t\t\t\t<div class=\"elementor-element elementor-element-d83d560 elementor-widget elementor-widget-heading\" data-id=\"d83d560\" data-element_type=\"widget\" data-e-type=\"widget\" data-widget_type=\"heading.default\">\n\t\t\t\t<div class=\"elementor-widget-container\">\n\t\t\t\t\t<h2 class=\"elementor-heading-title elementor-size-default\">Portal para los miembros de la SM <\/h2>\t\t\t\t<\/div>\n\t\t\t\t<\/div>\n\t\t\t\t\t<\/div>\n\t\t<\/div>\n\t\t\t\t\t<\/div>\n\t\t<\/section>\n\t\t\t\t<section class=\"elementor-section elementor-inner-section elementor-element elementor-element-466f03f elementor-section-boxed elementor-section-height-default elementor-section-height-default\" data-id=\"466f03f\" data-element_type=\"section\" data-e-type=\"section\">\n\t\t\t\t\t\t<div class=\"elementor-container elementor-column-gap-default\">\n\t\t\t\t\t<div class=\"elementor-column elementor-col-50 elementor-inner-column elementor-element elementor-element-37c5c15\" data-id=\"37c5c15\" data-element_type=\"column\" data-e-type=\"column\">\n\t\t\t<div class=\"elementor-widget-wrap elementor-element-populated\">\n\t\t\t\t\t\t<div class=\"elementor-element elementor-element-2d4990f elementor-align-right elementor-widget elementor-widget-button\" data-id=\"2d4990f\" data-element_type=\"widget\" data-e-type=\"widget\" data-widget_type=\"button.default\">\n\t\t\t\t<div class=\"elementor-widget-container\">\n\t\t\t\t\t\t\t\t\t<div class=\"elementor-button-wrapper\">\n\t\t\t\t\t<a class=\"elementor-button elementor-button-link elementor-size-sm\" href=\"https:\/\/marianist.org\/es\/elementor-761\/sm-portal-page\/\">\n\t\t\t\t\t\t<span class=\"elementor-button-content-wrapper\">\n\t\t\t\t\t\t\t\t\t<span class=\"elementor-button-text\">Entrar<\/span>\n\t\t\t\t\t<\/span>\n\t\t\t\t\t<\/a>\n\t\t\t\t<\/div>\n\t\t\t\t\t\t\t\t<\/div>\n\t\t\t\t<\/div>\n\t\t\t\t\t<\/div>\n\t\t<\/div>\n\t\t\t\t<div class=\"elementor-column elementor-col-50 elementor-inner-column elementor-element elementor-element-5d515e5\" data-id=\"5d515e5\" data-element_type=\"column\" data-e-type=\"column\">\n\t\t\t<div class=\"elementor-widget-wrap elementor-element-populated\">\n\t\t\t\t\t\t<div class=\"elementor-element elementor-element-af091d4 elementor-button-info elementor-align-left elementor-widget elementor-widget-button\" data-id=\"af091d4\" data-element_type=\"widget\" data-e-type=\"widget\" data-widget_type=\"button.default\">\n\t\t\t\t<div class=\"elementor-widget-container\">\n\t\t\t\t\t\t\t\t\t<div class=\"elementor-button-wrapper\">\n\t\t\t\t\t<a class=\"elementor-button elementor-button-link elementor-size-xs\" href=\"#elementor-action%3Aaction%3Dpopup%3Aopen%26settings%3DeyJpZCI6IjE0ODYiLCJ0b2dnbGUiOmZhbHNlfQ%3D%3D\" id=\"Password Help\">\n\t\t\t\t\t\t<span class=\"elementor-button-content-wrapper\">\n\t\t\t\t\t\t\t\t\t<span class=\"elementor-button-text\">Ayuda con la contrase\u00f1a<\/span>\n\t\t\t\t\t<\/span>\n\t\t\t\t\t<\/a>\n\t\t\t\t<\/div>\n\t\t\t\t\t\t\t\t<\/div>\n\t\t\t\t<\/div>\n\t\t\t\t\t<\/div>\n\t\t<\/div>\n\t\t\t\t\t<\/div>\n\t\t<\/section>\n\t\t\t\t\t<\/div>\n\t\t<\/div>\n\t\t\t\t\t<\/div>\n\t\t<\/section>\n\t\t\t\t<section class=\"elementor-section elementor-top-section elementor-element elementor-element-a026ef6 elementor-section-boxed elementor-section-height-default elementor-section-height-default\" data-id=\"a026ef6\" data-element_type=\"section\" data-e-type=\"section\">\n\t\t\t\t\t\t<div class=\"elementor-container elementor-column-gap-default\">\n\t\t\t\t\t<div class=\"elementor-column elementor-col-100 elementor-top-column elementor-element elementor-element-6f90c0d\" data-id=\"6f90c0d\" data-element_type=\"column\" data-e-type=\"column\">\n\t\t\t<div class=\"elementor-widget-wrap\">\n\t\t\t\t\t\t\t<\/div>\n\t\t<\/div>\n\t\t\t\t\t<\/div>\n\t\t<\/section>\n\t\t\t\t<\/div>\n\t\t\t\t<\/div>\n\t\t\t\t\t\t<\/div>\n\t\t\t\t<\/div>\n\t\t\t\t\t<\/div>\n\t\t<\/div>\n\t\t\t\t\t<\/div>\n\t\t<\/section>\n\t\t\t\t<\/div>","protected":false},"excerpt":{"rendered":"<p>SM &#8211; Vocations Fostering New Vocations a publication (PDF) of the General Assistant for Religious Life (2016) ENG\u00a0\u00a0 \u00a0&#8211; \u00a0 \u00a0FR\u00a0\u00a0 \u00a0&#8211; \u00a0 \u00a0ESP VocSM &#8211; A Vocations Publication from the Society of Mary Issue #16&#8211; April 2019\u00a0 \u00a0 Issue #15&#8211; May 2017\u00a0 \u00a0 Issue #14&#8211; May 2016\u00a0 \u00a0 Issue #13&#8211; December 2015\u00a0 \u00a0 \u00a0 [&hellip;]<\/p>\n","protected":false},"author":1,"featured_media":0,"parent":1021,"menu_order":0,"comment_status":"closed","ping_status":"closed","template":"elementor_header_footer","meta":{"site-sidebar-layout":"no-sidebar","site-content-layout":"page-builder","ast-site-content-layout":"default","site-content-style":"default","site-sidebar-style":"default","ast-global-header-display":"","ast-banner-title-visibility":"","ast-main-header-display":"","ast-hfb-above-header-display":"","ast-hfb-below-header-display":"","ast-hfb-mobile-header-display":"","site-post-title":"disabled","ast-breadcrumbs-content":"","ast-featured-img":"disabled","footer-sml-layout":"","ast-disable-related-posts":"","theme-transparent-header-meta":"default","adv-header-id-meta":"","stick-header-meta":"","header-above-stick-meta":"","header-main-stick-meta":"","header-below-stick-meta":"","astra-migrate-meta-layouts":"default","ast-page-background-enabled":"default","ast-page-background-meta":{"desktop":{"background-color":"","background-image":"","background-repeat":"repeat","background-position":"center center","background-size":"auto","background-attachment":"scroll","background-type":"","background-media":"","overlay-type":"","overlay-color":"","overlay-opacity":"","overlay-gradient":""},"tablet":{"background-color":"","background-image":"","background-repeat":"repeat","background-position":"center center","background-size":"auto","background-attachment":"scroll","background-type":"","background-media":"","overlay-type":"","overlay-color":"","overlay-opacity":"","overlay-gradient":""},"mobile":{"background-color":"","background-image":"","background-repeat":"repeat","background-position":"center center","background-size":"auto","background-attachment":"scroll","background-type":"","background-media":"","overlay-type":"","overlay-color":"","overlay-opacity":"","overlay-gradient":""}},"ast-content-background-meta":{"desktop":{"background-color":"var(--ast-global-color-5)","background-image":"","background-repeat":"repeat","background-position":"center center","background-size":"auto","background-attachment":"scroll","background-type":"","background-media":"","overlay-type":"","overlay-color":"","overlay-opacity":"","overlay-gradient":""},"tablet":{"background-color":"var(--ast-global-color-5)","background-image":"","background-repeat":"repeat","background-position":"center center","background-size":"auto","background-attachment":"scroll","background-type":"","background-media":"","overlay-type":"","overlay-color":"","overlay-opacity":"","overlay-gradient":""},"mobile":{"background-color":"var(--ast-global-color-5)","background-image":"","background-repeat":"repeat","background-position":"center center","background-size":"auto","background-attachment":"scroll","background-type":"","background-media":"","overlay-type":"","overlay-color":"","overlay-opacity":"","overlay-gradient":""}},"footnotes":""},"class_list":["post-2133","page","type-page","status-publish","hentry"],"ams_acf":[],"_links":{"self":[{"href":"https:\/\/marianist.org\/es\/wp-json\/wp\/v2\/pages\/2133","targetHints":{"allow":["GET"]}}],"collection":[{"href":"https:\/\/marianist.org\/es\/wp-json\/wp\/v2\/pages"}],"about":[{"href":"https:\/\/marianist.org\/es\/wp-json\/wp\/v2\/types\/page"}],"author":[{"embeddable":true,"href":"https:\/\/marianist.org\/es\/wp-json\/wp\/v2\/users\/1"}],"replies":[{"embeddable":true,"href":"https:\/\/marianist.org\/es\/wp-json\/wp\/v2\/comments?post=2133"}],"version-history":[{"count":0,"href":"https:\/\/marianist.org\/es\/wp-json\/wp\/v2\/pages\/2133\/revisions"}],"up":[{"embeddable":true,"href":"https:\/\/marianist.org\/es\/wp-json\/wp\/v2\/pages\/1021"}],"wp:attachment":[{"href":"https:\/\/marianist.org\/es\/wp-json\/wp\/v2\/media?parent=2133"}],"curies":[{"name":"wp","href":"https:\/\/api.w.org\/{rel}","templated":true}]}}