{"id":1630,"date":"2020-11-10T17:30:00","date_gmt":"2020-11-10T17:30:00","guid":{"rendered":"https:\/\/marianist.org\/?page_id=1630"},"modified":"2025-04-18T13:02:42","modified_gmt":"2025-04-18T13:02:42","slug":"sm-education","status":"publish","type":"page","link":"https:\/\/marianist.org\/es\/elementor-761\/society-of-mary-sm\/sm-education\/","title":{"rendered":"SM &#8211; Education"},"content":{"rendered":"<div data-elementor-type=\"wp-page\" data-elementor-id=\"1630\" class=\"elementor elementor-1630\" data-elementor-post-type=\"page\">\n\t\t\t\t\t\t<section class=\"elementor-section elementor-top-section elementor-element elementor-element-35ec619 elementor-section-full_width elementor-section-height-default elementor-section-height-default\" data-id=\"35ec619\" data-element_type=\"section\" data-e-type=\"section\" data-settings=\"{&quot;background_background&quot;:&quot;classic&quot;}\">\n\t\t\t\t\t\t<div class=\"elementor-container elementor-column-gap-default\">\n\t\t\t\t\t<div class=\"elementor-column elementor-col-100 elementor-top-column elementor-element elementor-element-6834a17\" data-id=\"6834a17\" data-element_type=\"column\" data-e-type=\"column\" data-settings=\"{&quot;background_background&quot;:&quot;classic&quot;}\">\n\t\t\t<div class=\"elementor-widget-wrap elementor-element-populated\">\n\t\t\t\t\t\t<div class=\"elementor-element elementor-element-84c623b elementor-nav-menu--dropdown-none elementor-widget__width-inherit elementor-widget elementor-widget-nav-menu\" data-id=\"84c623b\" data-element_type=\"widget\" data-e-type=\"widget\" data-settings=\"{&quot;layout&quot;:&quot;horizontal&quot;,&quot;submenu_icon&quot;:{&quot;value&quot;:&quot;&lt;i class=\\&quot;fas fa-caret-down\\&quot; aria-hidden=\\&quot;true\\&quot;&gt;&lt;\\\/i&gt;&quot;,&quot;library&quot;:&quot;fa-solid&quot;}}\" data-widget_type=\"nav-menu.default\">\n\t\t\t\t<div class=\"elementor-widget-container\">\n\t\t\t\t\t\t\t\t<nav aria-label=\"Menu\" class=\"elementor-nav-menu--main elementor-nav-menu__container elementor-nav-menu--layout-horizontal e--pointer-background e--animation-fade\">\n\t\t\t\t<ul id=\"menu-1-84c623b\" class=\"elementor-nav-menu\"><li class=\"menu-item menu-item-type-post_type menu-item-object-page menu-item-home menu-item-866\"><a href=\"https:\/\/marianist.org\/es\/\" class=\"elementor-item menu-link\">Home<\/a><\/li>\n<li class=\"menu-item menu-item-type-post_type menu-item-object-page menu-item-964\"><a href=\"https:\/\/marianist.org\/es\/elementor-761\/society-of-mary-sm\/\" class=\"elementor-item menu-link\">Compa\u00f1\u00eda de Mar\u00eda (SM)<\/a><\/li>\n<li class=\"menu-item menu-item-type-custom menu-item-object-custom menu-item-has-children menu-item-982\"><a role=\"button\" aria-expanded=\"false\" class=\"elementor-item menu-link\">de la Familia Marianista<\/a>\n<ul class=\"sub-menu elementor-nav-menu--dropdown\">\n\t<li class=\"menu-item menu-item-type-post_type menu-item-object-page menu-item-987\"><a href=\"https:\/\/marianist.org\/es\/elementor-761\/world-council\/\" class=\"elementor-sub-item menu-link\">Consejo Mundial<\/a><\/li>\n\t<li class=\"menu-item menu-item-type-post_type menu-item-object-page menu-item-867\"><a href=\"https:\/\/marianist.org\/es\/elementor-761\/alliance-mariale\/\" class=\"elementor-sub-item menu-link\">Alliance Mariale (AM)<\/a><\/li>\n\t<li class=\"menu-item menu-item-type-custom menu-item-object-custom menu-item-977\"><a href=\"https:\/\/www.fmi-adele.org\/en\/\" class=\"elementor-sub-item menu-link\">Hijas de Mar\u00eda Inmaculada (FMI)<\/a><\/li>\n\t<li class=\"menu-item menu-item-type-custom menu-item-object-custom menu-item-978\"><a href=\"http:\/\/www.clm-mlc.org\/\" class=\"elementor-sub-item menu-link\">Comunidades Laicas Marianistas (CLM)<\/a><\/li>\n<\/ul>\n<\/li>\n<li class=\"menu-item menu-item-type-post_type menu-item-object-page menu-item-has-children menu-item-8825\"><a role=\"button\" aria-expanded=\"false\" href=\"https:\/\/marianist.org\/es\/elementor-761\/world-council\/who-we-are\/\" class=\"elementor-item menu-link\">Quienes somos<\/a>\n<ul class=\"sub-menu elementor-nav-menu--dropdown\">\n\t<li class=\"menu-item menu-item-type-post_type menu-item-object-page menu-item-8770\"><a href=\"https:\/\/marianist.org\/es\/elementor-761\/society-of-mary-sm\/sm-about\/sm-marianist-world-map\/\" class=\"elementor-sub-item menu-link\">SM &#8211; Interactive Marianist World Map<\/a><\/li>\n<\/ul>\n<\/li>\n<\/ul>\t\t\t<\/nav>\n\t\t\t\t\t\t<nav class=\"elementor-nav-menu--dropdown elementor-nav-menu__container\" aria-hidden=\"true\">\n\t\t\t\t<ul id=\"menu-2-84c623b\" class=\"elementor-nav-menu\"><li class=\"menu-item menu-item-type-post_type menu-item-object-page menu-item-home menu-item-866\"><a href=\"https:\/\/marianist.org\/es\/\" class=\"elementor-item menu-link\" tabindex=\"-1\">Home<\/a><\/li>\n<li class=\"menu-item menu-item-type-post_type menu-item-object-page menu-item-964\"><a href=\"https:\/\/marianist.org\/es\/elementor-761\/society-of-mary-sm\/\" class=\"elementor-item menu-link\" tabindex=\"-1\">Compa\u00f1\u00eda de Mar\u00eda (SM)<\/a><\/li>\n<li class=\"menu-item menu-item-type-custom menu-item-object-custom menu-item-has-children menu-item-982\"><a role=\"button\" aria-expanded=\"false\" class=\"elementor-item menu-link\" tabindex=\"-1\">de la Familia Marianista<\/a>\n<ul class=\"sub-menu elementor-nav-menu--dropdown\">\n\t<li class=\"menu-item menu-item-type-post_type menu-item-object-page menu-item-987\"><a href=\"https:\/\/marianist.org\/es\/elementor-761\/world-council\/\" class=\"elementor-sub-item menu-link\" tabindex=\"-1\">Consejo Mundial<\/a><\/li>\n\t<li class=\"menu-item menu-item-type-post_type menu-item-object-page menu-item-867\"><a href=\"https:\/\/marianist.org\/es\/elementor-761\/alliance-mariale\/\" class=\"elementor-sub-item menu-link\" tabindex=\"-1\">Alliance Mariale (AM)<\/a><\/li>\n\t<li class=\"menu-item menu-item-type-custom menu-item-object-custom menu-item-977\"><a href=\"https:\/\/www.fmi-adele.org\/en\/\" class=\"elementor-sub-item menu-link\" tabindex=\"-1\">Hijas de Mar\u00eda Inmaculada (FMI)<\/a><\/li>\n\t<li class=\"menu-item menu-item-type-custom menu-item-object-custom menu-item-978\"><a href=\"http:\/\/www.clm-mlc.org\/\" class=\"elementor-sub-item menu-link\" tabindex=\"-1\">Comunidades Laicas Marianistas (CLM)<\/a><\/li>\n<\/ul>\n<\/li>\n<li class=\"menu-item menu-item-type-post_type menu-item-object-page menu-item-has-children menu-item-8825\"><a role=\"button\" aria-expanded=\"false\" href=\"https:\/\/marianist.org\/es\/elementor-761\/world-council\/who-we-are\/\" class=\"elementor-item menu-link\" tabindex=\"-1\">Quienes somos<\/a>\n<ul class=\"sub-menu elementor-nav-menu--dropdown\">\n\t<li class=\"menu-item menu-item-type-post_type menu-item-object-page menu-item-8770\"><a href=\"https:\/\/marianist.org\/es\/elementor-761\/society-of-mary-sm\/sm-about\/sm-marianist-world-map\/\" class=\"elementor-sub-item menu-link\" tabindex=\"-1\">SM &#8211; Interactive Marianist World Map<\/a><\/li>\n<\/ul>\n<\/li>\n<\/ul>\t\t\t<\/nav>\n\t\t\t\t\t\t<\/div>\n\t\t\t\t<\/div>\n\t\t\t\t\t<\/div>\n\t\t<\/div>\n\t\t\t\t\t<\/div>\n\t\t<\/section>\n\t\t\t\t<section class=\"elementor-section elementor-top-section elementor-element elementor-element-f1cf9b0 elementor-section-boxed elementor-section-height-default elementor-section-height-default\" data-id=\"f1cf9b0\" data-element_type=\"section\" data-e-type=\"section\" data-settings=\"{&quot;background_background&quot;:&quot;video&quot;,&quot;background_video_link&quot;:&quot;\\\/video\\\/EducationSM.mp4&quot;,&quot;background_video_start&quot;:0,&quot;background_play_on_mobile&quot;:&quot;yes&quot;}\">\n\t\t\t\t\t\t\t\t<div class=\"elementor-background-video-container\">\n\t\t\t\t\t\t\t\t\t\t\t\t\t<video class=\"elementor-background-video-hosted\" role=\"presentation\" autoplay muted playsinline loop><\/video>\n\t\t\t\t\t\t\t\t\t\t\t<\/div>\n\t\t\t\t\t\t\t\t\t<div class=\"elementor-background-overlay\"><\/div>\n\t\t\t\t\t\t\t<div class=\"elementor-container elementor-column-gap-default\">\n\t\t\t\t\t<div class=\"elementor-column elementor-col-100 elementor-top-column elementor-element elementor-element-88b048d\" data-id=\"88b048d\" data-element_type=\"column\" data-e-type=\"column\">\n\t\t\t<div class=\"elementor-widget-wrap elementor-element-populated\">\n\t\t\t\t\t\t<div class=\"elementor-element elementor-element-313d009 elementor-widget elementor-widget-heading\" data-id=\"313d009\" data-element_type=\"widget\" data-e-type=\"widget\" data-no-translation=\"\" data-widget_type=\"heading.default\">\n\t\t\t\t<div class=\"elementor-widget-container\">\n\t\t\t\t\t<style>.elementor-element-313d009{display:none !important}<\/style>\t\t\t\t<\/div>\n\t\t\t\t<\/div>\n\t\t\t\t<div class=\"elementor-element elementor-element-f49ca5e elementor-widget elementor-widget-heading\" data-id=\"f49ca5e\" data-element_type=\"widget\" data-e-type=\"widget\" data-no-translation=\"\" data-widget_type=\"heading.default\">\n\t\t\t\t<div class=\"elementor-widget-container\">\n\t\t\t\t\t<h2 class=\"elementor-heading-title elementor-size-default\"><br>Educaci\u00f3n<\/h2>\t\t\t\t<\/div>\n\t\t\t\t<\/div>\n\t\t\t\t<div class=\"elementor-element elementor-element-64f5811 elementor-widget elementor-widget-heading\" data-id=\"64f5811\" data-element_type=\"widget\" data-e-type=\"widget\" data-no-translation=\"\" data-widget_type=\"heading.default\">\n\t\t\t\t<div class=\"elementor-widget-container\">\n\t\t\t\t\t<style>.elementor-element-64f5811{display:none !important}<\/style>\t\t\t\t<\/div>\n\t\t\t\t<\/div>\n\t\t\t\t<div class=\"elementor-element elementor-element-d88ddcc elementor-widget__width-initial elementor-widget elementor-widget-text-editor\" data-id=\"d88ddcc\" data-element_type=\"widget\" data-e-type=\"widget\" data-no-translation=\"\" data-widget_type=\"text-editor.default\">\n\t\t\t\t<div class=\"elementor-widget-container\">\n\t\t\t\t\t<style>.elementor-element-d88ddcc{display:none !important}<\/style>\t\t\t\t<\/div>\n\t\t\t\t<\/div>\n\t\t\t\t<div class=\"elementor-element elementor-element-98f196b elementor-widget__width-initial elementor-widget elementor-widget-text-editor\" data-id=\"98f196b\" data-element_type=\"widget\" data-e-type=\"widget\" data-no-translation=\"\" data-widget_type=\"text-editor.default\">\n\t\t\t\t<div class=\"elementor-widget-container\">\n\t\t\t\t\t\t\t\t\t<p><strong><em>&#8220;La educaci\u00f3n es para nosotros un medio privilegiado de formar en la fe. Por ella nos proponemos sembrar, cultivar y fortalecer el esp\u00edritu cristiano y hacerlo fecundo en los hombres.&#8221;<\/em><\/strong><br \/>SM\u00a0<em>Regla de Vida, <\/em>Art. 74<\/p><ul><li><a href=\"https:\/\/marianist.org\/es\/elementor-761\/society-of-mary-sm\/sm-education\/sm-education-maps\/\">Mapa interactivo de la educaci\u00f3n marianista en el mundo<\/a><\/li><li><a href=\"https:\/\/marianist.org\/es\/elementor-761\/society-of-mary-sm\/sm-education\/sm-education-global-pact\/\">Pacto Global de Educaci\u00f3n<\/a><\/li><li><a href=\"https:\/\/marianist.org\/es\/elementor-761\/society-of-mary-sm\/sm-education\/sm-education-directory\/\">Directorio de educaci\u00f3n marianista :Obras educativas formales y no formales<\/a><\/li><li><a href=\"https:\/\/marianist.org\/es\/elementor-761\/society-of-mary-sm\/sm-education\/sm-education-characteristics\/\">Caracter\u00edsticas de la educaci\u00f3n marianista<\/a><\/li><li><a href=\"https:\/\/marianist.org\/es\/elementor-761\/society-of-mary-sm\/sm-education\/sm-education-book-series\/\">Colecci\u00f3n libros educaci\u00f3n marianista<\/a><\/li><li><a href=\"https:\/\/marianist.org\/es\/elementor-761\/society-of-mary-sm\/sm-education\/sm-education-documents\/\">Otros recursos<\/a><\/li><\/ul>\t\t\t\t\t\t\t\t<\/div>\n\t\t\t\t<\/div>\n\t\t\t\t<div class=\"elementor-element elementor-element-a77be0b elementor-widget__width-initial elementor-widget elementor-widget-text-editor\" data-id=\"a77be0b\" data-element_type=\"widget\" data-e-type=\"widget\" data-no-translation=\"\" data-widget_type=\"text-editor.default\">\n\t\t\t\t<div class=\"elementor-widget-container\">\n\t\t\t\t\t<style>.elementor-element-a77be0b{display:none !important}<\/style>\t\t\t\t<\/div>\n\t\t\t\t<\/div>\n\t\t\t\t\t<\/div>\n\t\t<\/div>\n\t\t\t\t\t<\/div>\n\t\t<\/section>\n\t\t\t\t<section class=\"elementor-section elementor-top-section elementor-element elementor-element-848ca3b elementor-section-boxed elementor-section-height-default elementor-section-height-default\" data-id=\"848ca3b\" data-element_type=\"section\" data-e-type=\"section\">\n\t\t\t\t\t\t<div class=\"elementor-container elementor-column-gap-default\">\n\t\t\t\t\t<div class=\"elementor-column elementor-col-100 elementor-top-column elementor-element elementor-element-0ca52fc\" data-id=\"0ca52fc\" data-element_type=\"column\" data-e-type=\"column\">\n\t\t\t<div class=\"elementor-widget-wrap elementor-element-populated\">\n\t\t\t\t\t\t<div class=\"elementor-element elementor-element-552cb9b elementor-widget elementor-widget-template\" data-id=\"552cb9b\" data-element_type=\"widget\" data-e-type=\"widget\" data-widget_type=\"template.default\">\n\t\t\t\t<div class=\"elementor-widget-container\">\n\t\t\t\t\t\t\t<div class=\"elementor-template\">\n\t\t\t\t\t<div data-elementor-type=\"section\" data-elementor-id=\"1351\" class=\"elementor elementor-1351\" data-elementor-post-type=\"elementor_library\">\n\t\t\t\t\t<section class=\"elementor-section elementor-top-section elementor-element elementor-element-6626138 elementor-section-boxed elementor-section-height-default elementor-section-height-default\" data-id=\"6626138\" data-element_type=\"section\" data-e-type=\"section\">\n\t\t\t\t\t\t<div class=\"elementor-container elementor-column-gap-default\">\n\t\t\t\t\t<div class=\"elementor-column elementor-col-100 elementor-top-column elementor-element elementor-element-d8ba6f2\" data-id=\"d8ba6f2\" data-element_type=\"column\" data-e-type=\"column\">\n\t\t\t<div class=\"elementor-widget-wrap elementor-element-populated\">\n\t\t\t\t\t\t<section class=\"elementor-section elementor-inner-section elementor-element elementor-element-9d41fca elementor-section-boxed elementor-section-height-default elementor-section-height-default\" data-id=\"9d41fca\" data-element_type=\"section\" data-e-type=\"section\">\n\t\t\t\t\t\t<div class=\"elementor-container elementor-column-gap-default\">\n\t\t\t\t\t<div class=\"elementor-column elementor-col-100 elementor-inner-column elementor-element elementor-element-3e53fd9\" data-id=\"3e53fd9\" data-element_type=\"column\" data-e-type=\"column\">\n\t\t\t<div class=\"elementor-widget-wrap elementor-element-populated\">\n\t\t\t\t\t\t<div class=\"elementor-element elementor-element-d83d560 elementor-widget elementor-widget-heading\" data-id=\"d83d560\" data-element_type=\"widget\" data-e-type=\"widget\" data-widget_type=\"heading.default\">\n\t\t\t\t<div class=\"elementor-widget-container\">\n\t\t\t\t\t<h2 class=\"elementor-heading-title elementor-size-default\">Portal para los miembros de la SM <\/h2>\t\t\t\t<\/div>\n\t\t\t\t<\/div>\n\t\t\t\t\t<\/div>\n\t\t<\/div>\n\t\t\t\t\t<\/div>\n\t\t<\/section>\n\t\t\t\t<section class=\"elementor-section elementor-inner-section elementor-element elementor-element-466f03f elementor-section-boxed elementor-section-height-default elementor-section-height-default\" data-id=\"466f03f\" data-element_type=\"section\" data-e-type=\"section\">\n\t\t\t\t\t\t<div class=\"elementor-container elementor-column-gap-default\">\n\t\t\t\t\t<div class=\"elementor-column elementor-col-50 elementor-inner-column elementor-element elementor-element-37c5c15\" data-id=\"37c5c15\" data-element_type=\"column\" data-e-type=\"column\">\n\t\t\t<div class=\"elementor-widget-wrap elementor-element-populated\">\n\t\t\t\t\t\t<div class=\"elementor-element elementor-element-2d4990f elementor-align-right elementor-widget elementor-widget-button\" data-id=\"2d4990f\" data-element_type=\"widget\" data-e-type=\"widget\" data-widget_type=\"button.default\">\n\t\t\t\t<div class=\"elementor-widget-container\">\n\t\t\t\t\t\t\t\t\t<div class=\"elementor-button-wrapper\">\n\t\t\t\t\t<a class=\"elementor-button elementor-button-link elementor-size-sm\" href=\"https:\/\/marianist.org\/es\/elementor-761\/sm-portal-page\/\">\n\t\t\t\t\t\t<span class=\"elementor-button-content-wrapper\">\n\t\t\t\t\t\t\t\t\t<span class=\"elementor-button-text\">Entrar<\/span>\n\t\t\t\t\t<\/span>\n\t\t\t\t\t<\/a>\n\t\t\t\t<\/div>\n\t\t\t\t\t\t\t\t<\/div>\n\t\t\t\t<\/div>\n\t\t\t\t\t<\/div>\n\t\t<\/div>\n\t\t\t\t<div class=\"elementor-column elementor-col-50 elementor-inner-column elementor-element elementor-element-5d515e5\" data-id=\"5d515e5\" data-element_type=\"column\" data-e-type=\"column\">\n\t\t\t<div class=\"elementor-widget-wrap elementor-element-populated\">\n\t\t\t\t\t\t<div class=\"elementor-element elementor-element-af091d4 elementor-button-info elementor-align-left elementor-widget elementor-widget-button\" data-id=\"af091d4\" data-element_type=\"widget\" data-e-type=\"widget\" data-widget_type=\"button.default\">\n\t\t\t\t<div class=\"elementor-widget-container\">\n\t\t\t\t\t\t\t\t\t<div class=\"elementor-button-wrapper\">\n\t\t\t\t\t<a class=\"elementor-button elementor-button-link elementor-size-xs\" href=\"#elementor-action%3Aaction%3Dpopup%3Aopen%26settings%3DeyJpZCI6IjE0ODYiLCJ0b2dnbGUiOmZhbHNlfQ%3D%3D\" id=\"Password Help\">\n\t\t\t\t\t\t<span class=\"elementor-button-content-wrapper\">\n\t\t\t\t\t\t\t\t\t<span class=\"elementor-button-text\">Ayuda con la contrase\u00f1a<\/span>\n\t\t\t\t\t<\/span>\n\t\t\t\t\t<\/a>\n\t\t\t\t<\/div>\n\t\t\t\t\t\t\t\t<\/div>\n\t\t\t\t<\/div>\n\t\t\t\t\t<\/div>\n\t\t<\/div>\n\t\t\t\t\t<\/div>\n\t\t<\/section>\n\t\t\t\t\t<\/div>\n\t\t<\/div>\n\t\t\t\t\t<\/div>\n\t\t<\/section>\n\t\t\t\t<section class=\"elementor-section elementor-top-section elementor-element elementor-element-a026ef6 elementor-section-boxed elementor-section-height-default elementor-section-height-default\" data-id=\"a026ef6\" data-element_type=\"section\" data-e-type=\"section\">\n\t\t\t\t\t\t<div class=\"elementor-container elementor-column-gap-default\">\n\t\t\t\t\t<div class=\"elementor-column elementor-col-100 elementor-top-column elementor-element elementor-element-6f90c0d\" data-id=\"6f90c0d\" data-element_type=\"column\" data-e-type=\"column\">\n\t\t\t<div class=\"elementor-widget-wrap\">\n\t\t\t\t\t\t\t<\/div>\n\t\t<\/div>\n\t\t\t\t\t<\/div>\n\t\t<\/section>\n\t\t\t\t<\/div>\n\t\t\t\t<\/div>\n\t\t\t\t\t\t<\/div>\n\t\t\t\t<\/div>\n\t\t\t\t\t<\/div>\n\t\t<\/div>\n\t\t\t\t\t<\/div>\n\t\t<\/section>\n\t\t\t\t<\/div>","protected":false},"excerpt":{"rendered":"<p>Education &#8220;For us, education is a privileged means of\u00a0 formation in faith. Through this means we aim to sow, cultivate, and strengthen the Christian spirit and help it flourish in the human race.&#8221;SM\u00a0Rule of Life, Art. 74 Interactive Map of SM Education around the world Global Pact for Education SM Education Directory: Formal and Non-Formal [&hellip;]<\/p>\n","protected":false},"author":1,"featured_media":0,"parent":957,"menu_order":0,"comment_status":"closed","ping_status":"closed","template":"elementor_header_footer","meta":{"site-sidebar-layout":"no-sidebar","site-content-layout":"page-builder","ast-site-content-layout":"default","site-content-style":"default","site-sidebar-style":"default","ast-global-header-display":"","ast-banner-title-visibility":"","ast-main-header-display":"","ast-hfb-above-header-display":"","ast-hfb-below-header-display":"","ast-hfb-mobile-header-display":"","site-post-title":"disabled","ast-breadcrumbs-content":"","ast-featured-img":"disabled","footer-sml-layout":"","ast-disable-related-posts":"","theme-transparent-header-meta":"default","adv-header-id-meta":"","stick-header-meta":"","header-above-stick-meta":"","header-main-stick-meta":"","header-below-stick-meta":"","astra-migrate-meta-layouts":"default","ast-page-background-enabled":"default","ast-page-background-meta":{"desktop":{"background-color":"","background-image":"","background-repeat":"repeat","background-position":"center center","background-size":"auto","background-attachment":"scroll","background-type":"","background-media":"","overlay-type":"","overlay-color":"","overlay-opacity":"","overlay-gradient":""},"tablet":{"background-color":"","background-image":"","background-repeat":"repeat","background-position":"center center","background-size":"auto","background-attachment":"scroll","background-type":"","background-media":"","overlay-type":"","overlay-color":"","overlay-opacity":"","overlay-gradient":""},"mobile":{"background-color":"","background-image":"","background-repeat":"repeat","background-position":"center center","background-size":"auto","background-attachment":"scroll","background-type":"","background-media":"","overlay-type":"","overlay-color":"","overlay-opacity":"","overlay-gradient":""}},"ast-content-background-meta":{"desktop":{"background-color":"var(--ast-global-color-5)","background-image":"","background-repeat":"repeat","background-position":"center center","background-size":"auto","background-attachment":"scroll","background-type":"","background-media":"","overlay-type":"","overlay-color":"","overlay-opacity":"","overlay-gradient":""},"tablet":{"background-color":"var(--ast-global-color-5)","background-image":"","background-repeat":"repeat","background-position":"center center","background-size":"auto","background-attachment":"scroll","background-type":"","background-media":"","overlay-type":"","overlay-color":"","overlay-opacity":"","overlay-gradient":""},"mobile":{"background-color":"var(--ast-global-color-5)","background-image":"","background-repeat":"repeat","background-position":"center center","background-size":"auto","background-attachment":"scroll","background-type":"","background-media":"","overlay-type":"","overlay-color":"","overlay-opacity":"","overlay-gradient":""}},"footnotes":""},"class_list":["post-1630","page","type-page","status-publish","hentry"],"ams_acf":[],"_links":{"self":[{"href":"https:\/\/marianist.org\/es\/wp-json\/wp\/v2\/pages\/1630","targetHints":{"allow":["GET"]}}],"collection":[{"href":"https:\/\/marianist.org\/es\/wp-json\/wp\/v2\/pages"}],"about":[{"href":"https:\/\/marianist.org\/es\/wp-json\/wp\/v2\/types\/page"}],"author":[{"embeddable":true,"href":"https:\/\/marianist.org\/es\/wp-json\/wp\/v2\/users\/1"}],"replies":[{"embeddable":true,"href":"https:\/\/marianist.org\/es\/wp-json\/wp\/v2\/comments?post=1630"}],"version-history":[{"count":33,"href":"https:\/\/marianist.org\/es\/wp-json\/wp\/v2\/pages\/1630\/revisions"}],"predecessor-version":[{"id":9023,"href":"https:\/\/marianist.org\/es\/wp-json\/wp\/v2\/pages\/1630\/revisions\/9023"}],"up":[{"embeddable":true,"href":"https:\/\/marianist.org\/es\/wp-json\/wp\/v2\/pages\/957"}],"wp:attachment":[{"href":"https:\/\/marianist.org\/es\/wp-json\/wp\/v2\/media?parent=1630"}],"curies":[{"name":"wp","href":"https:\/\/api.w.org\/{rel}","templated":true}]}}