{"id":1250,"date":"2020-11-02T20:03:03","date_gmt":"2020-11-02T20:03:03","guid":{"rendered":"https:\/\/marianist.org\/?page_id=1250"},"modified":"2026-03-03T09:01:33","modified_gmt":"2026-03-03T09:01:33","slug":"sm-necrologium-2","status":"publish","type":"page","link":"https:\/\/marianist.org\/es\/elementor-761\/society-of-mary-sm\/sm-necrologium-2\/","title":{"rendered":"SM &#8211; Necrologium"},"content":{"rendered":"<div data-elementor-type=\"wp-page\" data-elementor-id=\"1250\" class=\"elementor elementor-1250\" data-elementor-post-type=\"page\">\n\t\t\t\t\t\t<section class=\"elementor-section elementor-top-section elementor-element elementor-element-ccbe018 elementor-section-boxed elementor-section-height-default elementor-section-height-default\" data-id=\"ccbe018\" data-element_type=\"section\" data-e-type=\"section\">\n\t\t\t\t\t\t<div class=\"elementor-container elementor-column-gap-default\">\n\t\t\t\t\t<div class=\"elementor-column elementor-col-100 elementor-top-column elementor-element elementor-element-e15f7c9\" data-id=\"e15f7c9\" data-element_type=\"column\" data-e-type=\"column\">\n\t\t\t<div class=\"elementor-widget-wrap elementor-element-populated\">\n\t\t\t\t\t\t<div class=\"elementor-element elementor-element-a194b86 elementor-widget elementor-widget-text-editor\" data-id=\"a194b86\" data-element_type=\"widget\" data-e-type=\"widget\" data-widget_type=\"text-editor.default\">\n\t\t\t\t<div class=\"elementor-widget-container\">\n\t\t\t\t\t\t\t\t\t<p>La Compa\u00f1\u00eda de Mar\u00eda encomienda a nuestras oraciones fraternas a nuestros queridos hermanos.  Agradezcamos a Dios la vida de cada uno, su servicio misionero y su testimonio.  Pidamos a Dios que los acoja en el Para\u00edso, con los \u00e1ngeles y los santos, en la amorosa presencia de Mar\u00eda, nuestra Madre.<\/p>\t\t\t\t\t\t\t\t<\/div>\n\t\t\t\t<\/div>\n\t\t\t\t<div class=\"elementor-element elementor-element-294240c elementor-widget elementor-widget-text-editor\" data-id=\"294240c\" data-element_type=\"widget\" data-e-type=\"widget\" data-no-translation=\"\" data-widget_type=\"text-editor.default\">\n\t\t\t\t<div class=\"elementor-widget-container\">\n\t\t\t\t\t<style>.elementor-element-294240c{display:none !important}<\/style>\t\t\t\t<\/div>\n\t\t\t\t<\/div>\n\t\t\t\t<div class=\"elementor-element elementor-element-5a1b3b3 elementor-widget elementor-widget-text-editor\" data-id=\"5a1b3b3\" data-element_type=\"widget\" data-e-type=\"widget\" data-no-translation=\"\" data-widget_type=\"text-editor.default\">\n\t\t\t\t<div class=\"elementor-widget-container\">\n\t\t\t\t\t\t\t\t\t<p><strong><a href=\"https:\/\/marianist.org\/es\/necrology-search\/\">Haga clic aqu\u00ed para buscar en toda la Necrolog\u00eda\u200b<\/a><\/strong><\/p>\t\t\t\t\t\t\t\t<\/div>\n\t\t\t\t<\/div>\n\t\t\t\t<div class=\"elementor-element elementor-element-e819e77 elementor-widget elementor-widget-text-editor\" data-id=\"e819e77\" data-element_type=\"widget\" data-e-type=\"widget\" data-no-translation=\"\" data-widget_type=\"text-editor.default\">\n\t\t\t\t<div class=\"elementor-widget-container\">\n\t\t\t\t\t<style>.elementor-element-e819e77{display:none !important}<\/style>\t\t\t\t<\/div>\n\t\t\t\t<\/div>\n\t\t\t\t<div class=\"elementor-element elementor-element-88d3034 elementor-widget elementor-widget-heading\" data-id=\"88d3034\" data-element_type=\"widget\" data-e-type=\"widget\" data-widget_type=\"heading.default\">\n\t\t\t\t<div class=\"elementor-widget-container\">\n\t\t\t\t\t<h3 class=\"elementor-heading-title elementor-size-default\">Deaths in the Society of Mary - 2026<\/h3>\t\t\t\t<\/div>\n\t\t\t\t<\/div>\n\t\t\t\t\t<\/div>\n\t\t<\/div>\n\t\t\t\t\t<\/div>\n\t\t<\/section>\n\t\t\t\t<section class=\"elementor-section elementor-top-section elementor-element elementor-element-94c65b8 elementor-section-boxed elementor-section-height-default elementor-section-height-default\" data-id=\"94c65b8\" data-element_type=\"section\" data-e-type=\"section\" data-no-translation=\"\">\n\t\t\t\t\t\t<div class=\"elementor-container elementor-column-gap-default\">\n\t\t\t\t\t<div class=\"elementor-column elementor-col-100 elementor-top-column elementor-element elementor-element-6a4cb03\" data-id=\"6a4cb03\" data-element_type=\"column\" data-e-type=\"column\">\n\t\t\t<div class=\"elementor-widget-wrap elementor-element-populated\">\n\t\t\t\t\t\t<div class=\"elementor-element elementor-element-f6be5e1 elementor-widget elementor-widget-shortcode\" data-id=\"f6be5e1\" data-element_type=\"widget\" data-e-type=\"widget\" data-widget_type=\"shortcode.default\">\n\t\t\t\t<div class=\"elementor-widget-container\">\n\t\t\t\t\t\t\t<div class=\"elementor-shortcode\"><div class=\"wptb-container-legacy\" data-table-id=\"4084\">\n    <table class=\"wptb-preview-table wptb-element-main-table_setting-4084\" style=\"border-spacing: 3px 3px; border-collapse: collapse !important; min-width: 100%; border: 1px solid rgb(221, 153, 51); \" data-border-spacing-columns=\"3\" data-border-spacing-rows=\"3\" data-reconstraction=\"1\" data-wptb-table-directives=\"eyJpbm5lckJvcmRlcnMiOnsiYWN0aXZlIjoiYWxsIiwiYm9yZGVyV2lkdGgiOjEsImJvcmRlclJhZGl1c2VzIjp7ImFsbCI6MCwicm93IjowLCJjb2x1bW4iOjB9fX0=\" data-wptb-responsive-directives=\"eyJyZXNwb25zaXZlRW5hYmxlZCI6dHJ1ZSwicmVzcG9uc2l2ZU1vZGUiOiJhdXRvIiwicmVsYXRpdmVXaWR0aCI6IndpbmRvdyIsInByZXNlcnZlUm93Q29sb3IiOmZhbHNlLCJoZWFkZXJGdWxseU1lcmdlZCI6ZmFsc2UsImJyZWFrcG9pbnRzIjp7ImRlc2t0b3AiOnsibmFtZSI6ImRlc2t0b3AiLCJ3aWR0aCI6MTAyNH0sInRhYmxldCI6eyJuYW1lIjoidGFibGV0Iiwid2lkdGgiOjcwMH0sIm1vYmlsZSI6eyJuYW1lIjoibW9iaWxlIiwid2lkdGgiOjM3NX19LCJtb2RlT3B0aW9ucyI6eyJhdXRvIjp7ImRpc2FibGVkIjp7ImRlc2t0b3AiOmZhbHNlLCJ0YWJsZXQiOmZhbHNlLCJtb2JpbGUiOmZhbHNlfSwidG9wUm93QXNIZWFkZXIiOnsiZGVza3RvcCI6ZmFsc2UsInRhYmxldCI6dHJ1ZSwibW9iaWxlIjp0cnVlfSwicmVwZWF0TWVyZ2VkSGVhZGVyIjp7ImRlc2t0b3AiOnRydWUsInRhYmxldCI6dHJ1ZSwibW9iaWxlIjp0cnVlfSwic3RhdGljVG9wUm93Ijp7ImRlc2t0b3AiOmZhbHNlLCJ0YWJsZXQiOmZhbHNlLCJtb2JpbGUiOmZhbHNlfSwiY2VsbFN0YWNrRGlyZWN0aW9uIjp7ImRlc2t0b3AiOiJyb3ciLCJ0YWJsZXQiOiJyb3ciLCJtb2JpbGUiOiJyb3cifSwiY2VsbHNQZXJSb3ciOnsiZGVza3RvcCI6MSwidGFibGV0IjoxLCJtb2JpbGUiOjF9fX19\" data-wptb-cells-width-auto-count=\"5\" data-wptb-apply-table-container-max-width=\"1\" data-wptb-table-container-max-width=\"868\" data-wptb-horizontal-scroll-status=\"1\" data-wptb-extra-styles=\"LyogRW50ZXIgeW91ciBjdXN0b20gQ1NTIHJ1bGVzIGhlcmUgKi8=\" data-wptb-pro-pagination-top-row-header=\"false\" data-wptb-rows-per-page=\"10\" data-wptb-pro-search-top-row-header=\"false\" data-wptb-searchbar-position=\"left\" role=\"table\" data-table-columns=\"5\" data-wptb-table-alignment=\"center\" data-wptb-td-width-auto=\"43\" data-wptb-table-tds-sum-max-width=\"750\" data-wptb-header-background-color=\"#143082\" data-wptb-even-row-background-color=\"#ededed\" data-wptb-odd-row-background-color=\"\" ><tbody data-global-font-size=\"15\" ><tr  class=\"wptb-row\" style=\"background-color: #143082; \"><td class=\"wptb-cell\" colspan=\"1\" rowspan=\"1\" style=\"padding: 4px; width: 61px; border-width: 1px; border-color: rgb(221, 153, 51); border-style: solid; border-radius: 0px; \" data-y-index=\"0\" data-x-index=\"0\" data-wptb-css-td-auto-width=\"false\" data-wptb-css-td-auto-height=\"true\" data-wptb-cell-vertical-alignment=\"center\" ><div class=\"wptb-text-container wptb-ph-element wptb-element-text-597\" style=\"color: #000000; font-size: 15px; \"><div style=\"position: relative;\"><p><\/p><\/div><\/div><\/td><td class=\"wptb-cell\" colspan=\"1\" rowspan=\"1\" style=\"padding: 4px; width: 235px; border-width: 1px; border-color: rgb(221, 153, 51); border-style: solid; border-radius: 0px; \" data-y-index=\"0\" data-x-index=\"1\" data-wptb-css-td-auto-width=\"false\" data-wptb-css-td-auto-height=\"true\" data-wptb-cell-vertical-alignment=\"center\" ><div class=\"wptb-text-container wptb-ph-element wptb-element-text-598\" style=\"font-size: 15px; \"><div style=\"position: relative;\"><p><\/p><\/div><\/div><\/td><td class=\"wptb-cell\" colspan=\"1\" rowspan=\"1\" style=\"padding: 4px; width: 235px; border-width: 1px; border-color: rgb(221, 153, 51); border-style: solid; border-radius: 0px; \" data-y-index=\"0\" data-x-index=\"2\" data-wptb-css-td-auto-width=\"false\" data-wptb-css-td-auto-height=\"true\" data-wptb-cell-vertical-alignment=\"center\" ><div class=\"wptb-text-container wptb-ph-element wptb-element-text-599\" style=\"font-size: 1em; \"><div style=\"position: relative;\"><\/div><\/div><\/td><td class=\"wptb-cell\" colspan=\"1\" rowspan=\"1\" style=\"padding: 4px; width: 50px; border-width: 1px; border-color: rgb(221, 153, 51); border-style: solid; border-radius: 0px; \" data-y-index=\"0\" data-x-index=\"3\" data-wptb-css-td-auto-width=\"false\" data-wptb-css-td-auto-height=\"true\" data-wptb-cell-vertical-alignment=\"center\" ><\/td><td class=\"wptb-cell\" colspan=\"1\" rowspan=\"1\" style=\"padding: 4px; width: 121px; border-width: 1px; border-color: rgb(221, 153, 51); border-style: solid; border-radius: 0px; \" data-y-index=\"0\" data-x-index=\"4\" data-wptb-css-td-auto-width=\"false\" data-wptb-css-td-auto-height=\"true\" data-wptb-cell-vertical-alignment=\"center\" ><div class=\"wptb-text-container wptb-ph-element wptb-element-text-600\" style=\"font-size: 15px; \"><div style=\"position: relative;\"><p><\/p><\/div><\/div><\/td><\/tr><tr  class=\"wptb-row\" style=\"background-color: #ededed; \"><td class=\"wptb-cell\" colspan=\"1\" rowspan=\"1\" style=\"padding: 4px; width: 61px; border-width: 1px; border-color: rgb(221, 153, 51); border-style: solid; border-radius: 0px; \" data-y-index=\"1\" data-x-index=\"0\" data-wptb-css-td-auto-width=\"false\" data-wptb-css-td-auto-height=\"true\" data-wptb-cell-vertical-alignment=\"center\" ><div class=\"wptb-text-container wptb-ph-element wptb-element-text-601\" style=\"font-size: 1em; \"><div style=\"position: relative;\"><p>2026-3\t<\/p><\/div><\/div><\/td><td class=\"wptb-cell\" colspan=\"1\" rowspan=\"1\" style=\"padding: 4px; width: 235px; border-width: 1px; border-color: rgb(221, 153, 51); border-style: solid; border-radius: 0px; \" data-y-index=\"1\" data-x-index=\"1\" data-wptb-css-td-auto-width=\"false\" data-wptb-css-td-auto-height=\"true\" data-wptb-cell-vertical-alignment=\"center\" ><div class=\"wptb-text-container wptb-ph-element wptb-element-text-602\" style=\"font-size: 1em; \"><div style=\"position: relative;\"><p>Leo Irving Slay<\/p><\/div><\/div><\/td><td class=\"wptb-cell\" colspan=\"1\" rowspan=\"1\" style=\"padding: 4px; width: 235px; border-width: 1px; border-color: rgb(221, 153, 51); border-style: solid; border-radius: 0px; \" data-y-index=\"1\" data-x-index=\"2\" data-wptb-css-td-auto-width=\"false\" data-wptb-css-td-auto-height=\"true\" data-wptb-cell-vertical-alignment=\"center\" ><div class=\"wptb-text-container wptb-ph-element wptb-element-text-603\" style=\"font-size: 1em; \"><div style=\"position: relative;\"><p>20-III-2026<\/p><\/div><\/div><\/td><td class=\"wptb-cell\" colspan=\"1\" rowspan=\"1\" style=\"padding: 4px; width: 50px; border-width: 1px; border-color: rgb(221, 153, 51); border-style: solid; border-radius: 0px; \" data-y-index=\"1\" data-x-index=\"3\" data-wptb-css-td-auto-width=\"false\" data-wptb-css-td-auto-height=\"true\" data-wptb-cell-vertical-alignment=\"center\" ><div class=\"wptb-text-container wptb-ph-element wptb-element-text-604\" style=\"font-size: 1em; \"><div style=\"position: relative;\"><p>US<\/p><\/div><\/div><\/td><td class=\"wptb-cell\" colspan=\"1\" rowspan=\"1\" style=\"padding: 4px; width: 121px; border-width: 1px; border-color: rgb(221, 153, 51); border-style: solid; border-radius: 0px; \" data-y-index=\"1\" data-x-index=\"4\" data-wptb-css-td-auto-width=\"false\" data-wptb-css-td-auto-height=\"true\" data-wptb-cell-vertical-alignment=\"center\" ><div class=\"wptb-text-container wptb-ph-element wptb-element-text-605\" style=\"font-size: 1em; \"><div style=\"position: relative;\"><p><a href=\"\/PDFs\/DeathNotices\/DN%202026-03%20-%20Slay%20I.%20(US)%20-%20Bio.Eng.pdf\" target=\"_blank\">ENG<\/a>-<a href=\"\/PDFs\/DeathNotices\/DN%202026-03%20-%20Slay%20I.%20(US)%20-%20Bio.Esp.pdf\" target=\"_blank\">ESP-<\/a>FR<\/p><\/div><\/div><\/td><\/tr><tr  class=\"wptb-row\" style=\"\"><td class=\"wptb-cell\" colspan=\"1\" rowspan=\"1\" style=\"padding: 4px; width: 61px; border-width: 1px; border-color: rgb(221, 153, 51); border-style: solid; border-radius: 0px; \" data-y-index=\"2\" data-x-index=\"0\" data-wptb-css-td-auto-width=\"false\" data-wptb-css-td-auto-height=\"true\" data-wptb-cell-vertical-alignment=\"center\" ><div class=\"wptb-text-container wptb-ph-element wptb-element-text-606\" style=\"font-size: 1em; \"><div style=\"position: relative;\"><p>2026-2\t<\/p><\/div><\/div><\/td><td class=\"wptb-cell\" colspan=\"1\" rowspan=\"1\" style=\"padding: 4px; width: 235px; border-width: 1px; border-color: rgb(221, 153, 51); border-style: solid; border-radius: 0px; \" data-y-index=\"2\" data-x-index=\"1\" data-wptb-css-td-auto-width=\"false\" data-wptb-css-td-auto-height=\"true\" data-wptb-cell-vertical-alignment=\"center\" ><div class=\"wptb-text-container wptb-ph-element wptb-element-text-607\" style=\"font-size: 1em; \"><div style=\"position: relative;\"><p>*Quentin Hakenewerth<\/p><\/div><\/div><\/td><td class=\"wptb-cell\" colspan=\"1\" rowspan=\"1\" style=\"padding: 4px; width: 235px; border-width: 1px; border-color: rgb(221, 153, 51); border-style: solid; border-radius: 0px; \" data-y-index=\"2\" data-x-index=\"2\" data-wptb-css-td-auto-width=\"false\" data-wptb-css-td-auto-height=\"true\" data-wptb-cell-vertical-alignment=\"center\" ><div class=\"wptb-text-container wptb-ph-element wptb-element-text-608\" style=\"font-size: 1em; \"><div style=\"position: relative;\"><p>4-III-2026<\/p><\/div><\/div><\/td><td class=\"wptb-cell\" colspan=\"1\" rowspan=\"1\" style=\"padding: 4px; width: 50px; border-width: 1px; border-color: rgb(221, 153, 51); border-style: solid; border-radius: 0px; \" data-y-index=\"2\" data-x-index=\"3\" data-wptb-css-td-auto-width=\"false\" data-wptb-css-td-auto-height=\"true\" data-wptb-cell-vertical-alignment=\"center\" ><div class=\"wptb-text-container wptb-ph-element wptb-element-text-609\" style=\"font-size: 1em; \"><div style=\"position: relative;\"><p>US<\/p><\/div><\/div><\/td><td class=\"wptb-cell\" colspan=\"1\" rowspan=\"1\" style=\"padding: 4px; width: 121px; border-width: 1px; border-color: rgb(221, 153, 51); border-style: solid; border-radius: 0px; \" data-y-index=\"2\" data-x-index=\"4\" data-wptb-css-td-auto-width=\"false\" data-wptb-css-td-auto-height=\"true\" data-wptb-cell-vertical-alignment=\"center\" ><div class=\"wptb-text-container wptb-ph-element wptb-element-text-610\" style=\"font-size: 1em; \"><div style=\"position: relative;\"><p><a href=\"\/PDFs\/DeathNotices\/DN%202026-02%20-%20Hakenewerth%20Q.%20(US)%20-%20Bio.Eng.pdf\" target=\"_blank\">ENG<\/a>-<a href=\"\/PDFs\/DeathNotices\/DN%202026-02%20-%20Hakenewerth%20Q.%20(US)%20-%20Bio.Esp.pdf\" target=\"_blank\">ESP<\/a>-<a href=\"\/PDFs\/DeathNotices\/DN%202026-02%20-%20Hakenewerth%20Q.%20(US)%20-%20Bio.Fr.pdf\" target=\"_blank\">FR<\/a><\/p><\/div><\/div><\/td><\/tr><tr  class=\"wptb-row\" style=\"background-color: #ededed; \"><td class=\"wptb-cell\" colspan=\"1\" rowspan=\"1\" style=\"padding: 4px; width: 61px; border-width: 1px; border-color: rgb(221, 153, 51); border-style: solid; border-radius: 0px; \" data-y-index=\"3\" data-x-index=\"0\" data-wptb-css-td-auto-width=\"false\" data-wptb-css-td-auto-height=\"true\" data-wptb-cell-vertical-alignment=\"center\" ><div class=\"wptb-text-container wptb-ph-element wptb-element-text-611\" style=\"color: #4a5568; font-size: 15px; \"><div style=\"position: relative;\"><p>2026-1<\/p><\/div><\/div><\/td><td class=\"wptb-cell\" colspan=\"1\" rowspan=\"1\" style=\"padding: 4px; width: 235px; border-width: 1px; border-color: rgb(221, 153, 51); border-style: solid; border-radius: 0px; \" data-y-index=\"3\" data-x-index=\"1\" data-wptb-css-td-auto-width=\"false\" data-wptb-css-td-auto-height=\"true\" data-wptb-cell-vertical-alignment=\"center\" ><div class=\"wptb-text-container wptb-ph-element wptb-element-text-612\" style=\"color: #000000; font-size: 15px; \"><div style=\"position: relative;\"><p>*Jos\u00e9 Ram\u00f3n Sebasti\u00e1n de Erice\t<\/p><\/div><\/div><\/td><td class=\"wptb-cell\" colspan=\"1\" rowspan=\"1\" style=\"padding: 4px; width: 235px; border-width: 1px; border-color: rgb(221, 153, 51); border-style: solid; border-radius: 0px; \" data-y-index=\"3\" data-x-index=\"2\" data-wptb-css-td-auto-width=\"false\" data-wptb-css-td-auto-height=\"true\" data-wptb-cell-vertical-alignment=\"center\" ><div class=\"wptb-text-container wptb-ph-element wptb-element-text-613\" style=\"color: #000000; font-size: 15px; \"><div style=\"position: relative;\"><p>2-III-2026<\/p><\/div><\/div><\/td><td class=\"wptb-cell\" colspan=\"1\" rowspan=\"1\" style=\"padding: 4px; width: 50px; border-width: 1px; border-color: rgb(221, 153, 51); border-style: solid; border-radius: 0px; \" data-y-index=\"3\" data-x-index=\"3\" data-wptb-css-td-auto-width=\"false\" data-wptb-css-td-auto-height=\"true\" data-wptb-cell-vertical-alignment=\"center\" ><div class=\"wptb-text-container wptb-ph-element wptb-element-text-614\" style=\"color: #000000; font-size: 15px; \"><div style=\"position: relative;\"><p>ES<\/p><\/div><\/div><\/td><td class=\"wptb-cell\" colspan=\"1\" rowspan=\"1\" style=\"padding: 4px; width: 121px; border-width: 1px; border-color: rgb(221, 153, 51); border-style: solid; border-radius: 0px; \" data-y-index=\"3\" data-x-index=\"4\" data-wptb-css-td-auto-width=\"false\" data-wptb-css-td-auto-height=\"true\" data-wptb-cell-vertical-alignment=\"center\" ><div class=\"wptb-text-container wptb-ph-element wptb-element-text-615\" style=\"color: #000000; font-size: 15px; \"><div style=\"position: relative;\"><p><a href=\"\/PDFs\/DeathNotices\/DN%202026-01%20-%20Erice%20J.%20(ES)%20-%20Bio.Eng.pdf\" target=\"_blank\">ENG<\/a>-<a href=\"\/PDFs\/DeathNotices\/DN%202026-01%20-%20Erice%20J.%20(ES)%20-%20Bio.Esp.pdf\" target=\"_blank\">ESP<\/a>-<a href=\"\/PDFs\/DeathNotices\/DN%202025-01%20-%20Erice%20J.%20(ES)%20-%20Bio.Fr.pdf\" target=\"_blank\">FR<\/a><\/p><\/div><\/div><\/td><\/tr><tr  class=\"wptb-row\" style=\"\"><td class=\"wptb-cell\" colspan=\"1\" rowspan=\"1\" style=\"padding: 4px; width: 61px; border-width: 1px; border-color: rgb(221, 153, 51); border-style: solid; border-radius: 0px; \" data-y-index=\"4\" data-x-index=\"0\" data-wptb-css-td-auto-width=\"false\" data-wptb-css-td-auto-height=\"true\" data-wptb-cell-vertical-alignment=\"center\" ><\/td><td class=\"wptb-cell\" colspan=\"1\" rowspan=\"1\" style=\"padding: 4px; width: 235px; border-width: 1px; border-color: rgb(221, 153, 51); border-style: solid; border-radius: 0px; \" data-y-index=\"4\" data-x-index=\"1\" data-wptb-css-td-auto-width=\"false\" data-wptb-css-td-auto-height=\"true\" data-wptb-cell-vertical-alignment=\"center\" ><\/td><td class=\"wptb-cell\" colspan=\"1\" rowspan=\"1\" style=\"padding: 4px; width: 235px; border-width: 1px; border-color: rgb(221, 153, 51); border-style: solid; border-radius: 0px; \" data-y-index=\"4\" data-x-index=\"2\" data-wptb-css-td-auto-width=\"false\" data-wptb-css-td-auto-height=\"true\" data-wptb-cell-vertical-alignment=\"center\" ><\/td><td class=\"wptb-cell\" colspan=\"1\" rowspan=\"1\" style=\"padding: 4px; width: 50px; border-width: 1px; border-color: rgb(221, 153, 51); border-style: solid; border-radius: 0px; \" data-y-index=\"4\" data-x-index=\"3\" data-wptb-css-td-auto-width=\"false\" data-wptb-css-td-auto-height=\"true\" data-wptb-cell-vertical-alignment=\"center\" ><\/td><td class=\"wptb-cell\" colspan=\"1\" rowspan=\"1\" style=\"padding: 4px; width: 121px; border-width: 1px; border-color: rgb(221, 153, 51); border-style: solid; border-radius: 0px; \" data-y-index=\"4\" data-x-index=\"4\" data-wptb-css-td-auto-width=\"false\" data-wptb-css-td-auto-height=\"true\" data-wptb-cell-vertical-alignment=\"center\" ><\/td><\/tr><\/tbody><\/table>\n<\/div>\n<\/div>\n\t\t\t\t\t\t<\/div>\n\t\t\t\t<\/div>\n\t\t\t\t\t<\/div>\n\t\t<\/div>\n\t\t\t\t\t<\/div>\n\t\t<\/section>\n\t\t\t\t<\/div>","protected":false},"excerpt":{"rendered":"<p>It has pleased God to call to himself our dear brothers.\u00a0 Let us thank God for their life, missionary service and for their witness.\u00a0 Let us ask God to welcome them into Paradise, with the angels and the saints, in the loving presence of Mary, our Blessed Mother! Click here to search the entire Necrology\u200b [&hellip;]<\/p>\n","protected":false},"author":1,"featured_media":0,"parent":957,"menu_order":0,"comment_status":"closed","ping_status":"closed","template":"","meta":{"site-sidebar-layout":"no-sidebar","site-content-layout":"page-builder","ast-site-content-layout":"default","site-content-style":"default","site-sidebar-style":"default","ast-global-header-display":"","ast-banner-title-visibility":"","ast-main-header-display":"","ast-hfb-above-header-display":"","ast-hfb-below-header-display":"","ast-hfb-mobile-header-display":"","site-post-title":"disabled","ast-breadcrumbs-content":"","ast-featured-img":"disabled","footer-sml-layout":"","ast-disable-related-posts":"","theme-transparent-header-meta":"default","adv-header-id-meta":"","stick-header-meta":"","header-above-stick-meta":"","header-main-stick-meta":"","header-below-stick-meta":"","astra-migrate-meta-layouts":"default","ast-page-background-enabled":"default","ast-page-background-meta":{"desktop":{"background-color":"","background-image":"","background-repeat":"repeat","background-position":"center center","background-size":"auto","background-attachment":"scroll","background-type":"","background-media":"","overlay-type":"","overlay-color":"","overlay-opacity":"","overlay-gradient":""},"tablet":{"background-color":"","background-image":"","background-repeat":"repeat","background-position":"center center","background-size":"auto","background-attachment":"scroll","background-type":"","background-media":"","overlay-type":"","overlay-color":"","overlay-opacity":"","overlay-gradient":""},"mobile":{"background-color":"","background-image":"","background-repeat":"repeat","background-position":"center center","background-size":"auto","background-attachment":"scroll","background-type":"","background-media":"","overlay-type":"","overlay-color":"","overlay-opacity":"","overlay-gradient":""}},"ast-content-background-meta":{"desktop":{"background-color":"var(--ast-global-color-5)","background-image":"","background-repeat":"repeat","background-position":"center center","background-size":"auto","background-attachment":"scroll","background-type":"","background-media":"","overlay-type":"","overlay-color":"","overlay-opacity":"","overlay-gradient":""},"tablet":{"background-color":"var(--ast-global-color-5)","background-image":"","background-repeat":"repeat","background-position":"center center","background-size":"auto","background-attachment":"scroll","background-type":"","background-media":"","overlay-type":"","overlay-color":"","overlay-opacity":"","overlay-gradient":""},"mobile":{"background-color":"var(--ast-global-color-5)","background-image":"","background-repeat":"repeat","background-position":"center center","background-size":"auto","background-attachment":"scroll","background-type":"","background-media":"","overlay-type":"","overlay-color":"","overlay-opacity":"","overlay-gradient":""}},"footnotes":""},"class_list":["post-1250","page","type-page","status-publish","hentry"],"ams_acf":[],"_links":{"self":[{"href":"https:\/\/marianist.org\/es\/wp-json\/wp\/v2\/pages\/1250","targetHints":{"allow":["GET"]}}],"collection":[{"href":"https:\/\/marianist.org\/es\/wp-json\/wp\/v2\/pages"}],"about":[{"href":"https:\/\/marianist.org\/es\/wp-json\/wp\/v2\/types\/page"}],"author":[{"embeddable":true,"href":"https:\/\/marianist.org\/es\/wp-json\/wp\/v2\/users\/1"}],"replies":[{"embeddable":true,"href":"https:\/\/marianist.org\/es\/wp-json\/wp\/v2\/comments?post=1250"}],"version-history":[{"count":30,"href":"https:\/\/marianist.org\/es\/wp-json\/wp\/v2\/pages\/1250\/revisions"}],"predecessor-version":[{"id":9803,"href":"https:\/\/marianist.org\/es\/wp-json\/wp\/v2\/pages\/1250\/revisions\/9803"}],"up":[{"embeddable":true,"href":"https:\/\/marianist.org\/es\/wp-json\/wp\/v2\/pages\/957"}],"wp:attachment":[{"href":"https:\/\/marianist.org\/es\/wp-json\/wp\/v2\/media?parent=1250"}],"curies":[{"name":"wp","href":"https:\/\/api.w.org\/{rel}","templated":true}]}}